{"id":324,"date":"2026-03-02T12:40:19","date_gmt":"2026-03-02T12:40:19","guid":{"rendered":"https:\/\/mytreesapp.com\/cookie-policy\/"},"modified":"2026-03-02T16:59:28","modified_gmt":"2026-03-02T16:59:28","slug":"cookie-policy","status":"publish","type":"page","link":"https:\/\/mytreesapp.com\/de\/cookie-policy\/","title":{"rendered":"Cookie-Richtlinie"},"content":{"rendered":"\n<h3 class=\"wp-block-heading\" id=\"h-zuletzt-aktualisiert-23-februar-2026\">Zuletzt aktualisiert: 23. Februar 2026<\/h3>\n\n\n\n<ol class=\"wp-block-list\">\n<li>Was sind Cookies?<br>Cookies sind kleine Dateien, die auf Ihrem Ger\u00e4t gespeichert werden, um das Surferlebnis zu verbessern.<\/li>\n\n\n\n<li>Arten von verwendeten Cookies<br>Essentiell: Notwendig f\u00fcr das Funktionieren der Website.<br>Analyse: Helfen zu verstehen, wie Benutzer mit der Website interagieren.<br>Werbung: Werden verwendet, um relevante Anzeigen anzuzeigen.<\/li>\n\n\n\n<li>Wie verwaltet man Cookies?<br>Sie k\u00f6nnen Ihre Pr\u00e4ferenzen \u00fcber die Einstellungen Ihres Browsers oder unseren Cookie-Consent-Manager verwalten.<\/li>\n\n\n\n<li>\u00c4nderungen der Cookie-Richtlinie<br>Diese Richtlinie kann regelm\u00e4\u00dfig ge\u00e4ndert werden. Wir empfehlen, sie regelm\u00e4\u00dfig zu \u00fcberpr\u00fcfen.<\/li>\n<\/ol>\n\n\n\n<p>Rechtlicher Hinweis (falls zutreffend)<br>Die auf dieser Website bereitgestellten Informationen dienen nur zu Informationszwecken. MyTreesApp ist nicht verantwortlich f\u00fcr Entscheidungen, die auf Grundlage der Inhalte der Website ohne angemessene professionelle Beratung getroffen werden.<\/p>\n","protected":false},"excerpt":{"rendered":"<p>Zuletzt aktualisiert: 23. Februar 2026 Rechtlicher Hinweis (falls zutreffend)Die auf dieser Website bereitgestellten Informationen dienen nur zu Informationszwecken. MyTreesApp ist nicht verantwortlich f\u00fcr Entscheidungen, die auf Grundlage der Inhalte der Website ohne angemessene professionelle Beratung getroffen werden.<\/p>\n","protected":false},"author":2,"featured_media":0,"parent":0,"menu_order":0,"comment_status":"closed","ping_status":"closed","template":"","meta":{"footnotes":""},"class_list":["post-324","page","type-page","status-publish","hentry"],"acf":[],"yoast_head":"<!-- This site is optimized with the Yoast SEO Premium plugin v26.8 (Yoast SEO v26.8) - https:\/\/yoast.com\/product\/yoast-seo-premium-wordpress\/ -->\n<title>Cookie-Richtlinie - MyTreesApp<\/title>\n<meta name=\"robots\" content=\"index, follow, max-snippet:-1, max-image-preview:large, max-video-preview:-1\" \/>\n<link rel=\"canonical\" href=\"https:\/\/mytreesapp.com\/de\/cookie-policy\/\" \/>\n<meta property=\"og:locale\" content=\"de_DE\" \/>\n<meta property=\"og:type\" content=\"article\" \/>\n<meta property=\"og:title\" content=\"Cookie-Richtlinie\" \/>\n<meta property=\"og:description\" content=\"Zuletzt aktualisiert: 23. Februar 2026 Rechtlicher Hinweis (falls zutreffend)Die auf dieser Website bereitgestellten Informationen dienen nur zu Informationszwecken. MyTreesApp ist nicht verantwortlich f\u00fcr Entscheidungen, die auf Grundlage der Inhalte der Website ohne angemessene professionelle Beratung getroffen werden.\" \/>\n<meta property=\"og:url\" content=\"https:\/\/mytreesapp.com\/de\/cookie-policy\/\" \/>\n<meta property=\"og:site_name\" content=\"MyTreesApp\" \/>\n<meta property=\"article:modified_time\" content=\"2026-03-02T16:59:28+00:00\" \/>\n<meta property=\"og:image\" content=\"https:\/\/mytreesapp.com\/wp-content\/uploads\/2026\/02\/Screenshot-2026-02-03-at-18.04.31.png\" \/>\n\t<meta property=\"og:image:width\" content=\"1347\" \/>\n\t<meta property=\"og:image:height\" content=\"718\" \/>\n\t<meta property=\"og:image:type\" content=\"image\/png\" \/>\n<meta name=\"twitter:card\" content=\"summary_large_image\" \/>\n<meta name=\"twitter:label1\" content=\"Gesch\u00e4tzte Lesezeit\" \/>\n\t<meta name=\"twitter:data1\" content=\"1\u00a0Minute\" \/>\n<script type=\"application\/ld+json\" class=\"yoast-schema-graph\">{\"@context\":\"https:\/\/schema.org\",\"@graph\":[{\"@type\":\"WebPage\",\"@id\":\"https:\/\/mytreesapp.com\/de\/cookie-policy\/\",\"url\":\"https:\/\/mytreesapp.com\/de\/cookie-policy\/\",\"name\":\"Cookie-Richtlinie - MyTreesApp\",\"isPartOf\":{\"@id\":\"https:\/\/mytreesapp.com\/#website\"},\"datePublished\":\"2026-03-02T12:40:19+00:00\",\"dateModified\":\"2026-03-02T16:59:28+00:00\",\"breadcrumb\":{\"@id\":\"https:\/\/mytreesapp.com\/de\/cookie-policy\/#breadcrumb\"},\"inLanguage\":\"de\",\"potentialAction\":[{\"@type\":\"ReadAction\",\"target\":[\"https:\/\/mytreesapp.com\/de\/cookie-policy\/\"]}]},{\"@type\":\"BreadcrumbList\",\"@id\":\"https:\/\/mytreesapp.com\/de\/cookie-policy\/#breadcrumb\",\"itemListElement\":[{\"@type\":\"ListItem\",\"position\":1,\"name\":\"Home\",\"item\":\"https:\/\/mytreesapp.com\/de\/\"},{\"@type\":\"ListItem\",\"position\":2,\"name\":\"Cookie-Richtlinie\"}]},{\"@type\":\"WebSite\",\"@id\":\"https:\/\/mytreesapp.com\/#website\",\"url\":\"https:\/\/mytreesapp.com\/\",\"name\":\"MyTreesApp\",\"description\":\"\",\"potentialAction\":[{\"@type\":\"SearchAction\",\"target\":{\"@type\":\"EntryPoint\",\"urlTemplate\":\"https:\/\/mytreesapp.com\/?s={search_term_string}\"},\"query-input\":{\"@type\":\"PropertyValueSpecification\",\"valueRequired\":true,\"valueName\":\"search_term_string\"}}],\"inLanguage\":\"de\"}]}<\/script>\n<!-- \/ Yoast SEO Premium plugin. -->","yoast_head_json":{"title":"Cookie-Richtlinie - MyTreesApp","robots":{"index":"index","follow":"follow","max-snippet":"max-snippet:-1","max-image-preview":"max-image-preview:large","max-video-preview":"max-video-preview:-1"},"canonical":"https:\/\/mytreesapp.com\/de\/cookie-policy\/","og_locale":"de_DE","og_type":"article","og_title":"Cookie-Richtlinie","og_description":"Zuletzt aktualisiert: 23. Februar 2026 Rechtlicher Hinweis (falls zutreffend)Die auf dieser Website bereitgestellten Informationen dienen nur zu Informationszwecken. MyTreesApp ist nicht verantwortlich f\u00fcr Entscheidungen, die auf Grundlage der Inhalte der Website ohne angemessene professionelle Beratung getroffen werden.","og_url":"https:\/\/mytreesapp.com\/de\/cookie-policy\/","og_site_name":"MyTreesApp","article_modified_time":"2026-03-02T16:59:28+00:00","og_image":[{"width":1347,"height":718,"url":"https:\/\/mytreesapp.com\/wp-content\/uploads\/2026\/02\/Screenshot-2026-02-03-at-18.04.31.png","type":"image\/png"}],"twitter_card":"summary_large_image","twitter_misc":{"Gesch\u00e4tzte Lesezeit":"1\u00a0Minute"},"schema":{"@context":"https:\/\/schema.org","@graph":[{"@type":"WebPage","@id":"https:\/\/mytreesapp.com\/de\/cookie-policy\/","url":"https:\/\/mytreesapp.com\/de\/cookie-policy\/","name":"Cookie-Richtlinie - MyTreesApp","isPartOf":{"@id":"https:\/\/mytreesapp.com\/#website"},"datePublished":"2026-03-02T12:40:19+00:00","dateModified":"2026-03-02T16:59:28+00:00","breadcrumb":{"@id":"https:\/\/mytreesapp.com\/de\/cookie-policy\/#breadcrumb"},"inLanguage":"de","potentialAction":[{"@type":"ReadAction","target":["https:\/\/mytreesapp.com\/de\/cookie-policy\/"]}]},{"@type":"BreadcrumbList","@id":"https:\/\/mytreesapp.com\/de\/cookie-policy\/#breadcrumb","itemListElement":[{"@type":"ListItem","position":1,"name":"Home","item":"https:\/\/mytreesapp.com\/de\/"},{"@type":"ListItem","position":2,"name":"Cookie-Richtlinie"}]},{"@type":"WebSite","@id":"https:\/\/mytreesapp.com\/#website","url":"https:\/\/mytreesapp.com\/","name":"MyTreesApp","description":"","potentialAction":[{"@type":"SearchAction","target":{"@type":"EntryPoint","urlTemplate":"https:\/\/mytreesapp.com\/?s={search_term_string}"},"query-input":{"@type":"PropertyValueSpecification","valueRequired":true,"valueName":"search_term_string"}}],"inLanguage":"de"}]}},"_links":{"self":[{"href":"https:\/\/mytreesapp.com\/de\/wp-json\/wp\/v2\/pages\/324","targetHints":{"allow":["GET"]}}],"collection":[{"href":"https:\/\/mytreesapp.com\/de\/wp-json\/wp\/v2\/pages"}],"about":[{"href":"https:\/\/mytreesapp.com\/de\/wp-json\/wp\/v2\/types\/page"}],"author":[{"embeddable":true,"href":"https:\/\/mytreesapp.com\/de\/wp-json\/wp\/v2\/users\/2"}],"replies":[{"embeddable":true,"href":"https:\/\/mytreesapp.com\/de\/wp-json\/wp\/v2\/comments?post=324"}],"version-history":[{"count":2,"href":"https:\/\/mytreesapp.com\/de\/wp-json\/wp\/v2\/pages\/324\/revisions"}],"predecessor-version":[{"id":336,"href":"https:\/\/mytreesapp.com\/de\/wp-json\/wp\/v2\/pages\/324\/revisions\/336"}],"wp:attachment":[{"href":"https:\/\/mytreesapp.com\/de\/wp-json\/wp\/v2\/media?parent=324"}],"curies":[{"name":"wp","href":"https:\/\/api.w.org\/{rel}","templated":true}]}}