{"id":81,"date":"2025-12-18T16:15:23","date_gmt":"2025-12-18T16:15:23","guid":{"rendered":"https:\/\/mytreesapp.com\/privacy-policy\/"},"modified":"2026-03-02T17:03:30","modified_gmt":"2026-03-02T17:03:30","slug":"privacy-policy","status":"publish","type":"page","link":"https:\/\/mytreesapp.com\/de\/privacy-policy\/","title":{"rendered":"Datenschutzerkl\u00e4rung"},"content":{"rendered":"\n<p>MyTreesApp Lda (nachfolgend MyTreesApp) betreibt die Website <a href=\"https:\/\/mytreesapp.com\/de\/\">https:\/\/mytreesapp.com\/<\/a> und verpflichtet sich jederzeit, Ihre personenbezogenen Daten zu sch\u00fctzen und die geltenden Gesetze zum Datenschutz, zur Privatsph\u00e4re und zur Informationssicherheit gem\u00e4\u00df den vom europ\u00e4ischen Gesetzgeber f\u00fcr die Einf\u00fchrung der Datenschutz-Grundverordnung (DSGVO) verwendeten Begriffen einzuhalten.<\/p>\n\n\n\n<p>Wir respektieren und verstehen, dass die erhobenen Daten Ihnen und\/oder Ihrem Unternehmen geh\u00f6ren, und erkennen Ihre Rechte sowie unsere Pflicht als Unternehmen f\u00fcr digitales Marketing an. Diese Seite informiert Sie \u00fcber unsere Richtlinien zum Schutz und zur Verarbeitung Ihrer personenbezogenen Daten; wir empfehlen Ihnen daher, diese zu lesen. Wir behalten uns das Recht vor, die Informationen auf dieser Seite bei Bedarf zu aktualisieren; daher empfehlen wir eine regelm\u00e4\u00dfige \u00dcberpr\u00fcfung.<\/p>\n\n\n\n<h3 class=\"wp-block-heading\" id=\"h-diese-datenschutzerklarung-tritt-am-23-februar-2026-in-kraft\">Diese Datenschutzerkl\u00e4rung tritt am 23. Februar 2026 in Kraft.<\/h3>\n\n\n\n<h3 class=\"wp-block-heading\" id=\"h-1-datenerhebung\"><strong>1. Datenerhebung<\/strong><\/h3>\n\n\n\n<p>Wir erheben die unbedingt erforderlichen Informationen, um Ihnen eine reibungslose Erfahrung auf unserer Website und mit unserer Marke zu bieten:<\/p>\n\n\n\n<p>\u2013 Name<br>\u2013 E-Mail-Adresse<br>\u2013 Marken-\/Firmenname<br>\u2013 Cookies und Nutzungsdaten<\/p>\n\n\n\n<h3 class=\"wp-block-heading\" id=\"h-nutzungsdaten\"><strong>Nutzungsdaten<\/strong><\/h3>\n\n\n\n<p>Wir k\u00f6nnen auch Informationen dar\u00fcber erheben, wie unsere Website aufgerufen und genutzt wird (\u201eNutzungsdaten\u201c). Diese Nutzungsdaten k\u00f6nnen Informationen wie die Internetprotokoll-Adresse Ihres Computers (z. B. IP-Adresse), den Browsertyp, die Browserversion, die von Ihnen besuchten Seiten unserer Website, Datum und Uhrzeit Ihres Besuchs, die auf diesen Seiten verbrachte Zeit, eindeutige Ger\u00e4tekennungen und andere Diagnosedaten umfassen.<\/p>\n\n\n\n<h3 class=\"wp-block-heading\" id=\"h-tracking-amp-cookie-daten\"><strong>Tracking- &amp; Cookie-Daten<\/strong><\/h3>\n\n\n\n<p>Wir verwenden Cookies und \u00e4hnliche Tracking-Technologien, um die Aktivit\u00e4ten auf unserer Website zu verfolgen und bestimmte Informationen zu speichern.<\/p>\n\n\n\n<p>Cookies sind Dateien mit einer kleinen Datenmenge, die eine anonyme eindeutige Kennung enthalten k\u00f6nnen. Cookies werden von einer Website an Ihren Browser gesendet und auf Ihrem Ger\u00e4t gespeichert. Zu den ebenfalls verwendeten Tracking-Technologien geh\u00f6ren Beacons, Tags und Skripte zur Erhebung und Verfolgung von Informationen sowie zur Verbesserung und Analyse unserer Website.<\/p>\n\n\n\n<p>Sie k\u00f6nnen Ihren Browser so einstellen, dass alle Cookies abgelehnt werden oder dass angezeigt wird, wenn ein Cookie gesendet wird. Wenn Sie jedoch keine Cookies akzeptieren, k\u00f6nnen Sie m\u00f6glicherweise einige Teile unserer Website nicht nutzen.<\/p>\n\n\n\n<h3 class=\"wp-block-heading\" id=\"h-beispiele-fur-von-uns-verwendete-cookies\">Beispiele f\u00fcr von uns verwendete Cookies:<\/h3>\n\n\n\n<p>\u2013 Sitzungs-Cookies. Wir verwenden Sitzungs-Cookies, um unsere Website zu betreiben;<br>\u2013 Pr\u00e4ferenz-Cookies. Wir verwenden Pr\u00e4ferenz-Cookies, um Ihre Einstellungen und verschiedene Pr\u00e4ferenzen zu speichern;<br>\u2013 Sicherheits-Cookies. Wir verwenden Sicherheits-Cookies zu Sicherheitszwecken;<\/p>\n\n\n\n<h3 class=\"wp-block-heading\" id=\"h-detaillierte-informationen-zu-den-von-uns-verwendeten-cookies-finden-sie-auch-hier\">Detaillierte Informationen zu den von uns verwendeten Cookies finden Sie auch hier:<\/h3>\n\n\n\n<p>Google Analytics \u2013 <a href=\"https:\/\/policies.google.com\/privacy?hl=en\">https:\/\/policies.google.com\/privacy?hl=en<\/a><br>Hubspot &#8211; <a href=\"https:\/\/legal.hubspot.com\/privacy-policy\">https:\/\/legal.hubspot.com\/privacy-policy<\/a><\/p>\n\n\n\n<p>Dar\u00fcber hinaus k\u00f6nnen wir zur Bereitstellung unserer digitalen Marketingdienstleistungen zus\u00e4tzliche Daten \u00fcber Sie oder Ihr Unternehmen erheben. Diese Informationen werden per E-Mail oder \u00fcber andere Supportkan\u00e4le mit Ihrer Einwilligung erhoben, intern von unseren Datenverarbeitern verarbeitet und ausschlie\u00dflich f\u00fcr das von Ihnen angeforderte Projekt und\/oder den Service verwendet.<\/p>\n\n\n\n<h3 class=\"wp-block-heading\" id=\"h-2-verwendung-der-daten\"><strong>2. Verwendung der Daten<\/strong><\/h3>\n\n\n\n<p>MyTress App verwendet die erhobenen Daten f\u00fcr verschiedene Zwecke:<\/p>\n\n\n\n<p>\u2013 Bereitstellung und Wartung der Website;<br>\u2013 Erm\u00f6glichung der Teilnahme an interaktiven Funktionen unserer Website, wenn Sie sich daf\u00fcr entscheiden;<br>\u2013 Bereitstellung von Kundensupport und Betreuung;<br>\u2013 Bereitstellung von Analysen oder wertvollen Informationen zur Verbesserung der Website;<br>\u2013 \u00dcberwachung der Nutzung der Website;<br>\u2013 Erkennung, Verhinderung und Behebung technischer Probleme;<\/p>\n\n\n\n<h3 class=\"wp-block-heading\" id=\"h-3-datenubermittlung\"><strong>3. Daten\u00fcbermittlung<\/strong><\/h3>\n\n\n\n<p>MyTress App gew\u00e4hrleistet die Vertraulichkeit Ihrer auf unserer Website erhobenen personenbezogenen Daten und deren ordnungsgem\u00e4\u00dfe Verwendung wie oben beschrieben. MyTress App wird Ihre Informationen ohne Ihre Einwilligung nicht an Dritte weitergeben.<\/p>\n\n\n\n<p>Wir k\u00f6nnen auf andere Unternehmen f\u00fcr technische Dienstleistungen wie Hosting, Wartung, Verwaltungssysteme und andere zur\u00fcckgreifen, im Einklang mit der Gesetzgebung zur \u00dcbermittlung personenbezogener Daten.<\/p>\n\n\n\n<p>MyTress App wird alle angemessenen Ma\u00dfnahmen ergreifen, um sicherzustellen, dass Ihre Daten sicher und gem\u00e4\u00df dieser Datenschutzerkl\u00e4rung verarbeitet werden, und es erfolgt keine \u00dcbermittlung Ihrer personenbezogenen Daten an eine Organisation oder ein Land, sofern nicht angemessene Kontrollen vorhanden sind, einschlie\u00dflich der Sicherheit Ihrer Daten und anderer personenbezogener Informationen.<\/p>\n\n\n\n<h3 class=\"wp-block-heading\" id=\"h-4-offenlegung-von-daten\"><strong>4. Offenlegung von Daten<\/strong><\/h3>\n\n\n\n<p>MyTreesApp kann Ihre personenbezogenen Daten offenlegen, wenn sie in gutem Glauben davon ausgeht, dass eine solche Ma\u00dfnahme erforderlich ist, um:<\/p>\n\n\n\n<p>\u2013 einer gesetzlichen Verpflichtung nachzukommen;<br>\u2013 die Rechte oder das Eigentum von MyTreesApp zu sch\u00fctzen und zu verteidigen;<br>\u2013 m\u00f6gliches Fehlverhalten im Zusammenhang mit der Website zu verhindern oder zu untersuchen;<br>\u2013 die pers\u00f6nliche Sicherheit der Nutzer der Website oder der \u00d6ffentlichkeit zu sch\u00fctzen;<br>\u2013 sich gegen rechtliche Haftung zu sch\u00fctzen;<\/p>\n\n\n\n<h3 class=\"wp-block-heading\" id=\"h-5-datensicherheit\"><strong>5. Datensicherheit<\/strong><\/h3>\n\n\n\n<p>Wir verwenden interne und technische Sicherheitsma\u00dfnahmen, um die Integrit\u00e4t der Speicherung, Verarbeitung und \u00dcbertragung Ihrer Inhalte vor unbefugtem oder rechtswidrigem Zugriff, Nutzung oder Verarbeitung zu sch\u00fctzen.<\/p>\n\n\n\n<p>Wenn Sie jederzeit die L\u00f6schung Ihrer personenbezogenen Informationen, die Daten\u00fcbertragbarkeit oder einen Widerspruch gegen die Verarbeitung Ihrer personenbezogenen Informationen beantragen m\u00f6chten, k\u00f6nnen Sie uns per E-Mail kontaktieren (Kontaktdaten unten).<\/p>\n\n\n\n<p>Die Sicherheit Ihrer Daten ist uns wichtig, jedoch weisen wir darauf hin, dass keine Methode der \u00dcbertragung \u00fcber das Internet oder der elektronischen Speicherung zu 100 % sicher ist. Obwohl wir uns bem\u00fchen, kommerziell akzeptable Mittel zum Schutz Ihrer personenbezogenen Daten einzusetzen, k\u00f6nnen wir deren absolute Sicherheit nicht garantieren.<\/p>\n\n\n\n<h3 class=\"wp-block-heading\" id=\"h-6-dienstleister\"><strong>6. Dienstleister<\/strong><\/h3>\n\n\n\n<p>Wir k\u00f6nnen Drittunternehmen oder Einzelpersonen besch\u00e4ftigen, um an der Wartung unserer Website mitzuwirken (\u201eDienstleister\u201c), um die Website in unserem Namen bereitzustellen und zu verwalten, um websitebezogene Dienstleistungen zu erbringen, um uns bei der Kommunikation mit Ihnen \u00fcber unsere Dienstleistungen zu unterst\u00fctzen oder um uns bei der Analyse der Nutzung unserer Website zu helfen.<\/p>\n\n\n\n<p>Diese Dritten haben nur Zugriff auf Ihre personenbezogenen Daten, um bestimmte Aufgaben in unserem Namen auszuf\u00fchren, und sind verpflichtet, diese nicht offenzulegen oder f\u00fcr andere Zwecke zu verwenden.<\/p>\n\n\n\n<h3 class=\"wp-block-heading\" id=\"h-wir-verwenden-die-folgenden-dritt-dienstleister-auf-unserer-website\">Wir verwenden die folgenden Dritt-Dienstleister auf unserer Website:<\/h3>\n\n\n\n<p>Google Analytics<\/p>\n\n\n\n<p>Google Analytics ist ein Webanalysedienst von Google, der den Website-Traffic verfolgt und dar\u00fcber berichtet. Google verwendet die erhobenen Daten, um die Nutzung unseres Dienstes zu verfolgen und zu \u00fcberwachen. Diese Daten werden mit anderen Google-Diensten geteilt. Google kann die erhobenen Daten verwenden, um die Anzeigen seines eigenen Werbenetzwerks zu kontextualisieren und zu personalisieren.<\/p>\n\n\n\n<p>Sie k\u00f6nnen verhindern, dass Ihre Aktivit\u00e4ten auf dem Dienst Google Analytics zur Verf\u00fcgung gestellt werden, indem Sie das Browser-Add-on zur Deaktivierung von Google Analytics installieren. Das Add-on verhindert, dass das Google Analytics JavaScript (ga.js, analytics.js und dc.js) Informationen \u00fcber Besuchsaktivit\u00e4ten an Google Analytics weitergibt.<\/p>\n\n\n\n<p>Weitere Informationen zu den Datenschutzpraktiken von Google finden Sie auf der Seite Datenschutz &amp; Nutzungsbedingungen von Google: <a href=\"https:\/\/policies.google.com\/privacy?hl=en\">https:\/\/policies.google.com\/privacy?hl=en<\/a><\/p>\n\n\n\n<h3 class=\"wp-block-heading\" id=\"h-7-links-zu-anderen-websites\"><strong>7. Links zu anderen Websites<\/strong><\/h3>\n\n\n\n<p>Unser Dienst kann Links zu anderen Websites enthalten, die nicht von uns betrieben werden. Wenn Sie auf einen Link eines Drittanbieters klicken, werden Sie auf die Website dieses Drittanbieters weitergeleitet. Wir empfehlen Ihnen dringend, die Datenschutzerkl\u00e4rung jeder Website zu lesen, die Sie besuchen. Wir haben keine Kontrolle \u00fcber den Inhalt, die Datenschutzrichtlinien oder die Praktiken von Websites oder Diensten Dritter und \u00fcbernehmen daf\u00fcr keine Verantwortung.<\/p>\n\n\n\n<h3 class=\"wp-block-heading\" id=\"h-8-rechte-der-nutzer\"><strong>8. Rechte der Nutzer<\/strong><\/h3>\n\n\n\n<p>Gem\u00e4\u00df der Gesetzgebung und den vom europ\u00e4ischen Gesetzgeber f\u00fcr die Einf\u00fchrung der Datenschutz-Grundverordnung (DSGVO) verwendeten Begriffen hat der Nutzer das Recht:<\/p>\n\n\n\n<p>\u2013 Auskunft \u00fcber seine personenbezogenen Daten bei der verantwortlichen Stelle zu verlangen;<br>\u2013 eine Kopie der gespeicherten personenbezogenen Daten zu erhalten sowie diese an eine andere Stelle zu \u00fcbermitteln (\u201eRecht auf Daten\u00fcbertragbarkeit\u201c);<br>\u2013 der Verarbeitung seiner personenbezogenen Daten zu widersprechen;<br>\u2013 seine personenbezogenen Daten zu berichtigen, einzuschr\u00e4nken oder zu l\u00f6schen (\u201eRecht auf Vergessenwerden\u201c);<br>\u2013 seine Einwilligung jederzeit zu widerrufen;<br>\u2013 unverz\u00fcglich, innerhalb von 72 Stunden, informiert zu werden, wenn eine Datenverletzung vorliegt, die ein hohes Risiko f\u00fcr seine Rechte darstellen kann;<br>\u2013 eine Beschwerde bei den zust\u00e4ndigen Beh\u00f6rden einzureichen;<\/p>\n\n\n\n<h3 class=\"wp-block-heading\" id=\"h-ausubung-der-nutzerrechte\"><strong>Aus\u00fcbung der Nutzerrechte<\/strong><\/h3>\n\n\n\n<p>Um eines der genannten Rechte auszu\u00fcben, sollten Sie uns per E-Mail oder Brief kontaktieren. Zu diesem Zweck muss der Inhaber der personenbezogenen Daten die Nachricht unterschreiben und eine Kopie eines g\u00fcltigen Ausweisdokuments beif\u00fcgen.<\/p>\n\n\n\n<p>Sie k\u00f6nnen uns \u00fcber die am Ende dieses Dokuments angegebenen Adressen kontaktieren.<\/p>\n\n\n\n<h3 class=\"wp-block-heading\" id=\"h-9-anderungen-der-richtlinie\"><strong>9. \u00c4nderungen der Richtlinie<\/strong><\/h3>\n\n\n\n<p>Aufgrund sich \u00e4ndernder Umst\u00e4nde und gesetzlicher Anforderungen sowie der fortschreitenden Verbesserung unserer Servicequalit\u00e4t weisen wir darauf hin, dass diese Richtlinie \u00c4nderungen unterliegen kann, \u00fcber die wir Sie m\u00f6glicherweise nicht im Voraus informieren k\u00f6nnen.<\/p>\n\n\n\n<p>Diese Datenschutzerkl\u00e4rung wurde zuletzt am 23. Februar 2026 aktualisiert.<\/p>\n\n\n\n<h3 class=\"wp-block-heading\" id=\"h-10-verantwortung-amp-kontakte\"><strong>10. Verantwortung &amp; Kontakte<\/strong><\/h3>\n\n\n\n<p>Ihre Daten werden von <strong>MYTREESAPP LDA<\/strong> erhoben und verarbeitet, mit Sitz in <strong>AVENIDA ANT\u00d3NIO AUGUSTO DE AGUIAR N 24 1 ESQ, AVENIDAS NOVAS, 1050-016 LISBOA, juristische Person Nr. 517727498, eingetragen bei 4227 &#8211; ODIVELAS unter derselben Nummer.<\/strong><br>Wenn Sie Fragen dazu haben, wie wir Ihre Daten verarbeiten und sch\u00fctzen, k\u00f6nnen Sie uns per E-Mail unter <a>info@mytreesapp.com<\/a> kontaktieren.<\/p>\n\n\n\n<p>Wenn Sie Fragen dazu haben, wie wir Ihre Daten verarbeiten und sch\u00fctzen, k\u00f6nnen Sie uns unter der E-Mail-Adresse <a>info@mytreesapp.com<\/a> kontaktieren.<\/p>\n","protected":false},"excerpt":{"rendered":"<p>MyTreesApp Lda (nachfolgend MyTreesApp) betreibt die Website https:\/\/mytreesapp.com\/ und verpflichtet sich jederzeit, Ihre personenbezogenen Daten zu sch\u00fctzen und die geltenden Gesetze zum Datenschutz, zur Privatsph\u00e4re und zur Informationssicherheit gem\u00e4\u00df den vom europ\u00e4ischen Gesetzgeber f\u00fcr die Einf\u00fchrung der Datenschutz-Grundverordnung (DSGVO) verwendeten Begriffen einzuhalten. Wir respektieren und verstehen, dass die erhobenen Daten Ihnen und\/oder Ihrem Unternehmen geh\u00f6ren, [&hellip;]<\/p>\n","protected":false},"author":2,"featured_media":0,"parent":0,"menu_order":0,"comment_status":"closed","ping_status":"open","template":"","meta":{"footnotes":""},"class_list":["post-81","page","type-page","status-publish","hentry"],"acf":[],"yoast_head":"<!-- This site is optimized with the Yoast SEO Premium plugin v26.8 (Yoast SEO v26.8) - https:\/\/yoast.com\/product\/yoast-seo-premium-wordpress\/ -->\n<title>Datenschutzerkl\u00e4rung - MyTreesApp<\/title>\n<meta name=\"robots\" content=\"index, follow, max-snippet:-1, max-image-preview:large, max-video-preview:-1\" \/>\n<link rel=\"canonical\" href=\"https:\/\/mytreesapp.com\/de\/privacy-policy\/\" \/>\n<meta property=\"og:locale\" content=\"de_DE\" \/>\n<meta property=\"og:type\" content=\"article\" \/>\n<meta property=\"og:title\" content=\"Datenschutzerkl\u00e4rung\" \/>\n<meta property=\"og:description\" content=\"MyTreesApp Lda (nachfolgend MyTreesApp) betreibt die Website https:\/\/mytreesapp.com\/ und verpflichtet sich jederzeit, Ihre personenbezogenen Daten zu sch\u00fctzen und die geltenden Gesetze zum Datenschutz, zur Privatsph\u00e4re und zur Informationssicherheit gem\u00e4\u00df den vom europ\u00e4ischen Gesetzgeber f\u00fcr die Einf\u00fchrung der Datenschutz-Grundverordnung (DSGVO) verwendeten Begriffen einzuhalten. Wir respektieren und verstehen, dass die erhobenen Daten Ihnen und\/oder Ihrem Unternehmen geh\u00f6ren, [&hellip;]\" \/>\n<meta property=\"og:url\" content=\"https:\/\/mytreesapp.com\/de\/privacy-policy\/\" \/>\n<meta property=\"og:site_name\" content=\"MyTreesApp\" \/>\n<meta property=\"article:modified_time\" content=\"2026-03-02T17:03:30+00:00\" \/>\n<meta property=\"og:image\" content=\"https:\/\/mytreesapp.com\/wp-content\/uploads\/2026\/02\/Screenshot-2026-02-03-at-18.04.31.png\" \/>\n\t<meta property=\"og:image:width\" content=\"1347\" \/>\n\t<meta property=\"og:image:height\" content=\"718\" \/>\n\t<meta property=\"og:image:type\" content=\"image\/png\" \/>\n<meta name=\"twitter:card\" content=\"summary_large_image\" \/>\n<meta name=\"twitter:label1\" content=\"Gesch\u00e4tzte Lesezeit\" \/>\n\t<meta name=\"twitter:data1\" content=\"6\u00a0Minuten\" \/>\n<script type=\"application\/ld+json\" class=\"yoast-schema-graph\">{\"@context\":\"https:\/\/schema.org\",\"@graph\":[{\"@type\":\"WebPage\",\"@id\":\"https:\/\/mytreesapp.com\/de\/privacy-policy\/\",\"url\":\"https:\/\/mytreesapp.com\/de\/privacy-policy\/\",\"name\":\"Datenschutzerkl\u00e4rung - MyTreesApp\",\"isPartOf\":{\"@id\":\"https:\/\/mytreesapp.com\/#website\"},\"datePublished\":\"2025-12-18T16:15:23+00:00\",\"dateModified\":\"2026-03-02T17:03:30+00:00\",\"breadcrumb\":{\"@id\":\"https:\/\/mytreesapp.com\/de\/privacy-policy\/#breadcrumb\"},\"inLanguage\":\"de\",\"potentialAction\":[{\"@type\":\"ReadAction\",\"target\":[\"https:\/\/mytreesapp.com\/de\/privacy-policy\/\"]}]},{\"@type\":\"BreadcrumbList\",\"@id\":\"https:\/\/mytreesapp.com\/de\/privacy-policy\/#breadcrumb\",\"itemListElement\":[{\"@type\":\"ListItem\",\"position\":1,\"name\":\"Home\",\"item\":\"https:\/\/mytreesapp.com\/de\/\"},{\"@type\":\"ListItem\",\"position\":2,\"name\":\"Datenschutzerkl\u00e4rung\"}]},{\"@type\":\"WebSite\",\"@id\":\"https:\/\/mytreesapp.com\/#website\",\"url\":\"https:\/\/mytreesapp.com\/\",\"name\":\"MyTreesApp\",\"description\":\"\",\"potentialAction\":[{\"@type\":\"SearchAction\",\"target\":{\"@type\":\"EntryPoint\",\"urlTemplate\":\"https:\/\/mytreesapp.com\/?s={search_term_string}\"},\"query-input\":{\"@type\":\"PropertyValueSpecification\",\"valueRequired\":true,\"valueName\":\"search_term_string\"}}],\"inLanguage\":\"de\"}]}<\/script>\n<!-- \/ Yoast SEO Premium plugin. -->","yoast_head_json":{"title":"Datenschutzerkl\u00e4rung - MyTreesApp","robots":{"index":"index","follow":"follow","max-snippet":"max-snippet:-1","max-image-preview":"max-image-preview:large","max-video-preview":"max-video-preview:-1"},"canonical":"https:\/\/mytreesapp.com\/de\/privacy-policy\/","og_locale":"de_DE","og_type":"article","og_title":"Datenschutzerkl\u00e4rung","og_description":"MyTreesApp Lda (nachfolgend MyTreesApp) betreibt die Website https:\/\/mytreesapp.com\/ und verpflichtet sich jederzeit, Ihre personenbezogenen Daten zu sch\u00fctzen und die geltenden Gesetze zum Datenschutz, zur Privatsph\u00e4re und zur Informationssicherheit gem\u00e4\u00df den vom europ\u00e4ischen Gesetzgeber f\u00fcr die Einf\u00fchrung der Datenschutz-Grundverordnung (DSGVO) verwendeten Begriffen einzuhalten. Wir respektieren und verstehen, dass die erhobenen Daten Ihnen und\/oder Ihrem Unternehmen geh\u00f6ren, [&hellip;]","og_url":"https:\/\/mytreesapp.com\/de\/privacy-policy\/","og_site_name":"MyTreesApp","article_modified_time":"2026-03-02T17:03:30+00:00","og_image":[{"width":1347,"height":718,"url":"https:\/\/mytreesapp.com\/wp-content\/uploads\/2026\/02\/Screenshot-2026-02-03-at-18.04.31.png","type":"image\/png"}],"twitter_card":"summary_large_image","twitter_misc":{"Gesch\u00e4tzte Lesezeit":"6\u00a0Minuten"},"schema":{"@context":"https:\/\/schema.org","@graph":[{"@type":"WebPage","@id":"https:\/\/mytreesapp.com\/de\/privacy-policy\/","url":"https:\/\/mytreesapp.com\/de\/privacy-policy\/","name":"Datenschutzerkl\u00e4rung - MyTreesApp","isPartOf":{"@id":"https:\/\/mytreesapp.com\/#website"},"datePublished":"2025-12-18T16:15:23+00:00","dateModified":"2026-03-02T17:03:30+00:00","breadcrumb":{"@id":"https:\/\/mytreesapp.com\/de\/privacy-policy\/#breadcrumb"},"inLanguage":"de","potentialAction":[{"@type":"ReadAction","target":["https:\/\/mytreesapp.com\/de\/privacy-policy\/"]}]},{"@type":"BreadcrumbList","@id":"https:\/\/mytreesapp.com\/de\/privacy-policy\/#breadcrumb","itemListElement":[{"@type":"ListItem","position":1,"name":"Home","item":"https:\/\/mytreesapp.com\/de\/"},{"@type":"ListItem","position":2,"name":"Datenschutzerkl\u00e4rung"}]},{"@type":"WebSite","@id":"https:\/\/mytreesapp.com\/#website","url":"https:\/\/mytreesapp.com\/","name":"MyTreesApp","description":"","potentialAction":[{"@type":"SearchAction","target":{"@type":"EntryPoint","urlTemplate":"https:\/\/mytreesapp.com\/?s={search_term_string}"},"query-input":{"@type":"PropertyValueSpecification","valueRequired":true,"valueName":"search_term_string"}}],"inLanguage":"de"}]}},"_links":{"self":[{"href":"https:\/\/mytreesapp.com\/de\/wp-json\/wp\/v2\/pages\/81","targetHints":{"allow":["GET"]}}],"collection":[{"href":"https:\/\/mytreesapp.com\/de\/wp-json\/wp\/v2\/pages"}],"about":[{"href":"https:\/\/mytreesapp.com\/de\/wp-json\/wp\/v2\/types\/page"}],"author":[{"embeddable":true,"href":"https:\/\/mytreesapp.com\/de\/wp-json\/wp\/v2\/users\/2"}],"replies":[{"embeddable":true,"href":"https:\/\/mytreesapp.com\/de\/wp-json\/wp\/v2\/comments?post=81"}],"version-history":[{"count":5,"href":"https:\/\/mytreesapp.com\/de\/wp-json\/wp\/v2\/pages\/81\/revisions"}],"predecessor-version":[{"id":342,"href":"https:\/\/mytreesapp.com\/de\/wp-json\/wp\/v2\/pages\/81\/revisions\/342"}],"wp:attachment":[{"href":"https:\/\/mytreesapp.com\/de\/wp-json\/wp\/v2\/media?parent=81"}],"curies":[{"name":"wp","href":"https:\/\/api.w.org\/{rel}","templated":true}]}}