{"id":326,"date":"2026-03-02T12:40:19","date_gmt":"2026-03-02T12:40:19","guid":{"rendered":"https:\/\/mytreesapp.com\/cookie-policy\/"},"modified":"2026-03-02T17:00:05","modified_gmt":"2026-03-02T17:00:05","slug":"cookie-policy","status":"publish","type":"page","link":"https:\/\/mytreesapp.com\/es\/cookie-policy\/","title":{"rendered":"Pol\u00edtica de cookies"},"content":{"rendered":"\n<h3 class=\"wp-block-heading\" id=\"h-ultima-actualizacion-23-de-febrero-de-2026\">\u00daltima actualizaci\u00f3n: 23 de febrero de 2026<\/h3>\n\n\n\n<ol class=\"wp-block-list\">\n<li>\u00bfQu\u00e9 son las Cookies?<br>Las cookies son peque\u00f1os archivos almacenados en su dispositivo para mejorar la experiencia de navegaci\u00f3n.<\/li>\n\n\n\n<li>Tipos de cookies utilizadas<br>Esenciales: Necesarias para el funcionamiento del sitio.<br>Anal\u00edticas: Ayudan a comprender c\u00f3mo los usuarios interact\u00faan con el sitio.<br>Publicidad: Utilizadas para mostrar anuncios relevantes.<\/li>\n\n\n\n<li>\u00bfC\u00f3mo gestionar las cookies?<br>Puede gestionar sus preferencias a trav\u00e9s de la configuraci\u00f3n de su navegador o nuestro Administrador de Consentimiento de Cookies.<\/li>\n\n\n\n<li>Cambios en la pol\u00edtica de cookies<br>Esta pol\u00edtica puede cambiarse peri\u00f3dicamente. Recomendamos revisarla regularmente.<\/li>\n<\/ol>\n\n\n\n<p>Aviso legal (si aplica)<br>La informaci\u00f3n proporcionada en este sitio tiene fines \u00fanicamente informativos. MyTreesApp no se hace responsable de decisiones tomadas basadas en el contenido del sitio sin la debida consulta profesional.<\/p>\n","protected":false},"excerpt":{"rendered":"<p>\u00daltima actualizaci\u00f3n: 23 de febrero de 2026 Aviso legal (si aplica)La informaci\u00f3n proporcionada en este sitio tiene fines \u00fanicamente informativos. MyTreesApp no se hace responsable de decisiones tomadas basadas en el contenido del sitio sin la debida consulta profesional.<\/p>\n","protected":false},"author":2,"featured_media":0,"parent":0,"menu_order":0,"comment_status":"closed","ping_status":"closed","template":"","meta":{"footnotes":""},"class_list":["post-326","page","type-page","status-publish","hentry"],"acf":[],"yoast_head":"<!-- This site is optimized with the Yoast SEO Premium plugin v26.8 (Yoast SEO v26.8) - https:\/\/yoast.com\/product\/yoast-seo-premium-wordpress\/ -->\n<title>Pol\u00edtica de cookies - MyTreesApp<\/title>\n<meta name=\"robots\" content=\"index, follow, max-snippet:-1, max-image-preview:large, max-video-preview:-1\" \/>\n<link rel=\"canonical\" href=\"https:\/\/mytreesapp.com\/es\/cookie-policy\/\" \/>\n<meta property=\"og:locale\" content=\"es_ES\" \/>\n<meta property=\"og:type\" content=\"article\" \/>\n<meta property=\"og:title\" content=\"Pol\u00edtica de cookies\" \/>\n<meta property=\"og:description\" content=\"\u00daltima actualizaci\u00f3n: 23 de febrero de 2026 Aviso legal (si aplica)La informaci\u00f3n proporcionada en este sitio tiene fines \u00fanicamente informativos. MyTreesApp no se hace responsable de decisiones tomadas basadas en el contenido del sitio sin la debida consulta profesional.\" \/>\n<meta property=\"og:url\" content=\"https:\/\/mytreesapp.com\/es\/cookie-policy\/\" \/>\n<meta property=\"og:site_name\" content=\"MyTreesApp\" \/>\n<meta property=\"article:modified_time\" content=\"2026-03-02T17:00:05+00:00\" \/>\n<meta property=\"og:image\" content=\"https:\/\/mytreesapp.com\/wp-content\/uploads\/2026\/02\/Screenshot-2026-02-03-at-18.04.31.png\" \/>\n\t<meta property=\"og:image:width\" content=\"1347\" \/>\n\t<meta property=\"og:image:height\" content=\"718\" \/>\n\t<meta property=\"og:image:type\" content=\"image\/png\" \/>\n<meta name=\"twitter:card\" content=\"summary_large_image\" \/>\n<meta name=\"twitter:label1\" content=\"Tiempo de lectura\" \/>\n\t<meta name=\"twitter:data1\" content=\"1 minuto\" \/>\n<script type=\"application\/ld+json\" class=\"yoast-schema-graph\">{\"@context\":\"https:\/\/schema.org\",\"@graph\":[{\"@type\":\"WebPage\",\"@id\":\"https:\/\/mytreesapp.com\/es\/cookie-policy\/\",\"url\":\"https:\/\/mytreesapp.com\/es\/cookie-policy\/\",\"name\":\"Pol\u00edtica de cookies - MyTreesApp\",\"isPartOf\":{\"@id\":\"https:\/\/mytreesapp.com\/#website\"},\"datePublished\":\"2026-03-02T12:40:19+00:00\",\"dateModified\":\"2026-03-02T17:00:05+00:00\",\"breadcrumb\":{\"@id\":\"https:\/\/mytreesapp.com\/es\/cookie-policy\/#breadcrumb\"},\"inLanguage\":\"es\",\"potentialAction\":[{\"@type\":\"ReadAction\",\"target\":[\"https:\/\/mytreesapp.com\/es\/cookie-policy\/\"]}]},{\"@type\":\"BreadcrumbList\",\"@id\":\"https:\/\/mytreesapp.com\/es\/cookie-policy\/#breadcrumb\",\"itemListElement\":[{\"@type\":\"ListItem\",\"position\":1,\"name\":\"Home\",\"item\":\"https:\/\/mytreesapp.com\/es\/\"},{\"@type\":\"ListItem\",\"position\":2,\"name\":\"Pol\u00edtica de cookies\"}]},{\"@type\":\"WebSite\",\"@id\":\"https:\/\/mytreesapp.com\/#website\",\"url\":\"https:\/\/mytreesapp.com\/\",\"name\":\"MyTreesApp\",\"description\":\"\",\"potentialAction\":[{\"@type\":\"SearchAction\",\"target\":{\"@type\":\"EntryPoint\",\"urlTemplate\":\"https:\/\/mytreesapp.com\/?s={search_term_string}\"},\"query-input\":{\"@type\":\"PropertyValueSpecification\",\"valueRequired\":true,\"valueName\":\"search_term_string\"}}],\"inLanguage\":\"es\"}]}<\/script>\n<!-- \/ Yoast SEO Premium plugin. -->","yoast_head_json":{"title":"Pol\u00edtica de cookies - MyTreesApp","robots":{"index":"index","follow":"follow","max-snippet":"max-snippet:-1","max-image-preview":"max-image-preview:large","max-video-preview":"max-video-preview:-1"},"canonical":"https:\/\/mytreesapp.com\/es\/cookie-policy\/","og_locale":"es_ES","og_type":"article","og_title":"Pol\u00edtica de cookies","og_description":"\u00daltima actualizaci\u00f3n: 23 de febrero de 2026 Aviso legal (si aplica)La informaci\u00f3n proporcionada en este sitio tiene fines \u00fanicamente informativos. MyTreesApp no se hace responsable de decisiones tomadas basadas en el contenido del sitio sin la debida consulta profesional.","og_url":"https:\/\/mytreesapp.com\/es\/cookie-policy\/","og_site_name":"MyTreesApp","article_modified_time":"2026-03-02T17:00:05+00:00","og_image":[{"width":1347,"height":718,"url":"https:\/\/mytreesapp.com\/wp-content\/uploads\/2026\/02\/Screenshot-2026-02-03-at-18.04.31.png","type":"image\/png"}],"twitter_card":"summary_large_image","twitter_misc":{"Tiempo de lectura":"1 minuto"},"schema":{"@context":"https:\/\/schema.org","@graph":[{"@type":"WebPage","@id":"https:\/\/mytreesapp.com\/es\/cookie-policy\/","url":"https:\/\/mytreesapp.com\/es\/cookie-policy\/","name":"Pol\u00edtica de cookies - MyTreesApp","isPartOf":{"@id":"https:\/\/mytreesapp.com\/#website"},"datePublished":"2026-03-02T12:40:19+00:00","dateModified":"2026-03-02T17:00:05+00:00","breadcrumb":{"@id":"https:\/\/mytreesapp.com\/es\/cookie-policy\/#breadcrumb"},"inLanguage":"es","potentialAction":[{"@type":"ReadAction","target":["https:\/\/mytreesapp.com\/es\/cookie-policy\/"]}]},{"@type":"BreadcrumbList","@id":"https:\/\/mytreesapp.com\/es\/cookie-policy\/#breadcrumb","itemListElement":[{"@type":"ListItem","position":1,"name":"Home","item":"https:\/\/mytreesapp.com\/es\/"},{"@type":"ListItem","position":2,"name":"Pol\u00edtica de cookies"}]},{"@type":"WebSite","@id":"https:\/\/mytreesapp.com\/#website","url":"https:\/\/mytreesapp.com\/","name":"MyTreesApp","description":"","potentialAction":[{"@type":"SearchAction","target":{"@type":"EntryPoint","urlTemplate":"https:\/\/mytreesapp.com\/?s={search_term_string}"},"query-input":{"@type":"PropertyValueSpecification","valueRequired":true,"valueName":"search_term_string"}}],"inLanguage":"es"}]}},"_links":{"self":[{"href":"https:\/\/mytreesapp.com\/es\/wp-json\/wp\/v2\/pages\/326","targetHints":{"allow":["GET"]}}],"collection":[{"href":"https:\/\/mytreesapp.com\/es\/wp-json\/wp\/v2\/pages"}],"about":[{"href":"https:\/\/mytreesapp.com\/es\/wp-json\/wp\/v2\/types\/page"}],"author":[{"embeddable":true,"href":"https:\/\/mytreesapp.com\/es\/wp-json\/wp\/v2\/users\/2"}],"replies":[{"embeddable":true,"href":"https:\/\/mytreesapp.com\/es\/wp-json\/wp\/v2\/comments?post=326"}],"version-history":[{"count":2,"href":"https:\/\/mytreesapp.com\/es\/wp-json\/wp\/v2\/pages\/326\/revisions"}],"predecessor-version":[{"id":338,"href":"https:\/\/mytreesapp.com\/es\/wp-json\/wp\/v2\/pages\/326\/revisions\/338"}],"wp:attachment":[{"href":"https:\/\/mytreesapp.com\/es\/wp-json\/wp\/v2\/media?parent=326"}],"curies":[{"name":"wp","href":"https:\/\/api.w.org\/{rel}","templated":true}]}}