{"id":83,"date":"2025-12-18T16:15:23","date_gmt":"2025-12-18T16:15:23","guid":{"rendered":"https:\/\/mytreesapp.com\/privacy-policy\/"},"modified":"2026-03-02T17:10:30","modified_gmt":"2026-03-02T17:10:30","slug":"privacy-policy","status":"publish","type":"page","link":"https:\/\/mytreesapp.com\/es\/privacy-policy\/","title":{"rendered":"Pol\u00edtica de Privacidad"},"content":{"rendered":"\n<p>MyTreesApp Lda (en adelante MyTreesApp) opera el sitio <a href=\"https:\/\/mytreesapp.com\/es\/\">https:\/\/mytreesapp.com\/<\/a> y se compromete, en todo momento, a proteger sus Datos Personales y a cumplir con las leyes aplicables en materia de Protecci\u00f3n de Datos, Privacidad y Seguridad de la Informaci\u00f3n, en los t\u00e9rminos utilizados por el legislador europeo para la adopci\u00f3n del Reglamento General de Protecci\u00f3n de Datos (RGPD).<\/p>\n\n\n\n<p>Respetamos y comprendemos que los datos recopilados le pertenecen a usted y\/o a su empresa, y reconocemos sus derechos y nuestro deber como empresa de marketing digital. Esta p\u00e1gina le informa sobre nuestras pol\u00edticas relativas a la protecci\u00f3n y el tratamiento de sus Datos Personales; por lo tanto, le recomendamos su revisi\u00f3n. Nos reservamos el derecho de actualizar la informaci\u00f3n de esta p\u00e1gina cuando sea necesario; por ello, le recomendamos revisarla peri\u00f3dicamente.<\/p>\n\n\n\n<h3 class=\"wp-block-heading\" id=\"h-esta-politica-de-privacidad-entra-en-vigor-el-23-de-febrero-de-2026\">Esta Pol\u00edtica de Privacidad entra en vigor el 23 de febrero de 2026.<\/h3>\n\n\n\n<h3 class=\"wp-block-heading\" id=\"h-1-recopilacion-de-datos\"><strong>1. Recopilaci\u00f3n de datos<\/strong><\/h3>\n\n\n\n<p>Recopilamos la informaci\u00f3n estrictamente necesaria para ofrecerle una experiencia fluida en nuestro sitio web y con nuestra marca:<\/p>\n\n\n\n<p>\u2013 Nombre<br>\u2013 Direcci\u00f3n de correo electr\u00f3nico<br>\u2013 Nombre de la marca\/empresa<br>\u2013 Cookies y Datos de uso<\/p>\n\n\n\n<h3 class=\"wp-block-heading\" id=\"h-datos-de-uso\"><strong>Datos de uso<\/strong><\/h3>\n\n\n\n<p>Tambi\u00e9n podemos recopilar informaci\u00f3n sobre c\u00f3mo se accede y se utiliza nuestro sitio web (\u201cDatos de uso\u201d). Estos Datos de uso pueden incluir informaci\u00f3n como la direcci\u00f3n de Protocolo de Internet de su ordenador (por ejemplo, direcci\u00f3n IP), el tipo de navegador, la versi\u00f3n del navegador, las p\u00e1ginas de nuestro sitio web que visita, la fecha y hora de su visita, el tiempo que pasa en esas p\u00e1ginas, identificadores \u00fanicos de dispositivos y otros datos de diagn\u00f3stico.<\/p>\n\n\n\n<h3 class=\"wp-block-heading\" id=\"h-datos-de-seguimiento-y-cookies\"><strong>Datos de seguimiento y cookies<\/strong><\/h3>\n\n\n\n<p>Utilizamos cookies y tecnolog\u00edas de seguimiento similares para rastrear la actividad en nuestro sitio web y almacenar determinada informaci\u00f3n.<\/p>\n\n\n\n<p>Las cookies son archivos con una peque\u00f1a cantidad de datos que pueden incluir un identificador \u00fanico an\u00f3nimo. Las cookies se env\u00edan a su navegador desde un sitio web y se almacenan en su dispositivo. Las tecnolog\u00edas de seguimiento tambi\u00e9n utilizadas son balizas, etiquetas y scripts para recopilar y rastrear informaci\u00f3n y para mejorar y analizar nuestro sitio web.<\/p>\n\n\n\n<p>Puede configurar su navegador para rechazar todas las cookies o para indicar cu\u00e1ndo se env\u00eda una cookie. Sin embargo, si no acepta las cookies, es posible que no pueda utilizar algunas partes de nuestro sitio web.<\/p>\n\n\n\n<h3 class=\"wp-block-heading\" id=\"h-ejemplos-de-cookies-que-utilizamos\">Ejemplos de cookies que utilizamos:<\/h3>\n\n\n\n<p>\u2013 Cookies de sesi\u00f3n. Utilizamos cookies de sesi\u00f3n para operar nuestro sitio web;<br>\u2013 Cookies de preferencias. Utilizamos cookies de preferencias para recordar sus configuraciones y diversas preferencias;<br>\u2013 Cookies de seguridad. Utilizamos cookies de seguridad con fines de seguridad;<\/p>\n\n\n\n<h3 class=\"wp-block-heading\" id=\"h-tambien-puede-encontrar-informacion-detallada-sobre-las-cookies-que-utilizamos-aqui\">Tambi\u00e9n puede encontrar informaci\u00f3n detallada sobre las cookies que utilizamos aqu\u00ed:<\/h3>\n\n\n\n<p>Google Analytics \u2013 <a href=\"https:\/\/policies.google.com\/privacy?hl=en\">https:\/\/policies.google.com\/privacy?hl=en<\/a><br>Hubspot &#8211; <a href=\"https:\/\/legal.hubspot.com\/privacy-policy\">https:\/\/legal.hubspot.com\/privacy-policy<\/a><\/p>\n\n\n\n<p>Adem\u00e1s, para proporcionarle nuestros servicios de marketing digital, podemos recopilar datos adicionales relacionados con usted o con su empresa. Esta informaci\u00f3n se recopila por correo electr\u00f3nico u otros canales de soporte, con su consentimiento, y es tratada internamente por nuestros encargados del tratamiento de datos y utilizada \u00fanicamente para el proyecto y\/o servicio que solicite.<\/p>\n\n\n\n<h3 class=\"wp-block-heading\" id=\"h-2-uso-de-los-datos\"><strong>2. Uso de los datos<\/strong><\/h3>\n\n\n\n<p>MyTress App utiliza los datos recopilados para diversos fines:<\/p>\n\n\n\n<p>\u2013 Proporcionar y mantener el sitio web;<br>\u2013 Permitirle participar en las funciones interactivas de nuestro sitio web cuando as\u00ed lo decida;<br>\u2013 Proporcionar atenci\u00f3n y soporte al cliente;<br>\u2013 Proporcionar an\u00e1lisis o informaci\u00f3n valiosa para que podamos mejorar el sitio web;<br>\u2013 Supervisar el uso del sitio web;<br>\u2013 Detectar, prevenir y abordar problemas t\u00e9cnicos;<\/p>\n\n\n\n<h3 class=\"wp-block-heading\" id=\"h-3-transferencia-de-datos\"><strong>3. Transferencia de datos<\/strong><\/h3>\n\n\n\n<p>MyTress App garantiza la confidencialidad de sus Datos Personales recopilados en nuestro sitio web y su uso correcto como se describe anteriormente. MyTress App no transferir\u00e1 su informaci\u00f3n a terceros sin su consentimiento.<\/p>\n\n\n\n<p>Es posible que necesitemos recurrir a otras empresas para servicios t\u00e9cnicos como alojamiento, mantenimiento, sistemas de gesti\u00f3n y otros, de conformidad con la legislaci\u00f3n relativa a la transferencia de Datos Personales.<\/p>\n\n\n\n<p>MyTress App tomar\u00e1 todas las medidas razonablemente necesarias para garantizar que sus datos se traten de forma segura y de acuerdo con esta Pol\u00edtica de Privacidad, y no se realizar\u00e1 ninguna transferencia de sus Datos Personales a una organizaci\u00f3n o a un pa\u00eds a menos que existan controles adecuados, incluida la seguridad de sus datos y otra informaci\u00f3n personal.<\/p>\n\n\n\n<h3 class=\"wp-block-heading\" id=\"h-4-divulgacion-de-datos\"><strong>4. Divulgaci\u00f3n de datos<\/strong><\/h3>\n\n\n\n<p>MyTreesApp podr\u00e1 divulgar sus Datos Personales cuando considere de buena fe que dicha acci\u00f3n es necesaria para:<\/p>\n\n\n\n<p>\u2013 Cumplir con una obligaci\u00f3n legal;<br>\u2013 Proteger y defender los derechos o la propiedad de MyTreesApp;<br>\u2013 Prevenir o investigar posibles irregularidades en relaci\u00f3n con el sitio web;<br>\u2013 Proteger la seguridad personal de los usuarios del sitio web o del p\u00fablico;<br>\u2013 Protegerse frente a responsabilidades legales;<\/p>\n\n\n\n<h3 class=\"wp-block-heading\" id=\"h-5-seguridad-de-los-datos\"><strong>5. Seguridad de los datos<\/strong><\/h3>\n\n\n\n<p>Utilizaremos nuestras medidas de seguridad internas y t\u00e9cnicas para proteger la integridad del almacenamiento, procesamiento y transferencia de su contenido contra el acceso, uso o tratamiento no autorizado o ilegal.<\/p>\n\n\n\n<p>Si desea, en cualquier momento, solicitar la eliminaci\u00f3n de su informaci\u00f3n personal, la portabilidad de los datos o oponerse al tratamiento de su informaci\u00f3n personal, puede hacerlo envi\u00e1ndonos un correo electr\u00f3nico (informaci\u00f3n de contacto a continuaci\u00f3n).<\/p>\n\n\n\n<p>La seguridad de sus datos es importante para nosotros, pero debemos subrayar que ning\u00fan m\u00e9todo de transmisi\u00f3n por Internet ni ning\u00fan m\u00e9todo de almacenamiento electr\u00f3nico es 100 % seguro. Aunque nos esforzamos por utilizar medios comercialmente aceptables para proteger sus Datos Personales, no podemos garantizar su seguridad absoluta.<\/p>\n\n\n\n<h3 class=\"wp-block-heading\" id=\"h-6-proveedores-de-servicios\"><strong>6. Proveedores de servicios<\/strong><\/h3>\n\n\n\n<p>Podemos emplear a empresas o personas terceras para participar en el mantenimiento de nuestro sitio web (\u201cProveedores de servicios\u201d), para proporcionar y gestionar el sitio web en nuestro nombre, para realizar servicios relacionados con el sitio web, para ayudarnos a comunicarnos con usted respecto a nuestros servicios o para ayudarnos a analizar c\u00f3mo se utiliza nuestro sitio web.<\/p>\n\n\n\n<p>Estos terceros tienen acceso a sus Datos Personales \u00fanicamente para realizar tareas espec\u00edficas en nuestro nombre y est\u00e1n obligados a no divulgarlos ni utilizarlos para ning\u00fan otro prop\u00f3sito.<\/p>\n\n\n\n<h3 class=\"wp-block-heading\" id=\"h-utilizamos-los-siguientes-proveedores-de-servicios-terceros-en-nuestro-sitio-web\">Utilizamos los siguientes Proveedores de servicios terceros en nuestro sitio web:<\/h3>\n\n\n\n<p>Google Analytics<\/p>\n\n\n\n<p>Google Analytics es un servicio de an\u00e1lisis web ofrecido por Google que rastrea e informa del tr\u00e1fico del sitio web. Google utiliza los datos recopilados para rastrear y supervisar el uso de nuestro Servicio. Estos datos se comparten con otros servicios de Google. Google puede utilizar los datos recopilados para contextualizar y personalizar los anuncios de su propia red publicitaria.<\/p>\n\n\n\n<p>Puede optar por no permitir que su actividad en el Servicio est\u00e9 disponible para Google Analytics instalando el complemento de inhabilitaci\u00f3n para navegadores de Google Analytics. El complemento evita que el JavaScript de Google Analytics (ga.js, analytics.js y dc.js) comparta informaci\u00f3n con Google Analytics sobre la actividad de las visitas.<\/p>\n\n\n\n<p>Para obtener m\u00e1s informaci\u00f3n sobre las pr\u00e1cticas de privacidad de Google, visite la p\u00e1gina de Privacidad y T\u00e9rminos de Google: <a href=\"https:\/\/policies.google.com\/privacy?hl=en\">https:\/\/policies.google.com\/privacy?hl=en<\/a><\/p>\n\n\n\n<h3 class=\"wp-block-heading\" id=\"h-7-enlaces-a-otros-sitios\"><strong>7. Enlaces a otros sitios<\/strong><\/h3>\n\n\n\n<p>Nuestro Servicio puede contener enlaces a otros sitios que no son operados por nosotros. Si hace clic en un enlace de un tercero, ser\u00e1 dirigido al sitio de ese tercero. Le recomendamos encarecidamente que revise la Pol\u00edtica de Privacidad de cada sitio que visite. No tenemos control ni asumimos responsabilidad alguna por el contenido, las pol\u00edticas de privacidad o las pr\u00e1cticas de los sitios o servicios de terceros.<\/p>\n\n\n\n<h3 class=\"wp-block-heading\" id=\"h-8-derechos-de-los-usuarios\"><strong>8. Derechos de los usuarios<\/strong><\/h3>\n\n\n\n<p>De acuerdo con la legislaci\u00f3n, en los t\u00e9rminos utilizados por el legislador europeo para la adopci\u00f3n del Reglamento General de Protecci\u00f3n de Datos (RGPD), el usuario tiene derecho a:<\/p>\n\n\n\n<p>\u2013 Solicitar el acceso a sus Datos Personales a la entidad responsable del tratamiento;<br>\u2013 Recibir una copia de los Datos Personales almacenados, as\u00ed como transmitirlos a otra entidad (\u201cprincipio de portabilidad\u201d);<br>\u2013 Oponerse al tratamiento de sus Datos Personales;<br>\u2013 Rectificar, limitar o suprimir sus Datos Personales (\u201cderecho al olvido\u201d);<br>\u2013 Retirar su consentimiento en cualquier momento;<br>\u2013 Ser informado sin demora injustificada, dentro de las 72 horas, en caso de que exista una violaci\u00f3n de datos que pueda implicar un riesgo grave para sus derechos;<br>\u2013 Presentar una reclamaci\u00f3n ante las autoridades competentes;<\/p>\n\n\n\n<h3 class=\"wp-block-heading\" id=\"h-ejercicio-de-los-derechos-del-usuario\"><strong>Ejercicio de los derechos del usuario<\/strong><\/h3>\n\n\n\n<p>Para ejercer cualquiera de los derechos mencionados, deber\u00e1 contactarnos por correo electr\u00f3nico o por carta. A tal efecto, el titular de los Datos Personales debe firmar el mensaje y adjuntar una copia de un documento de identificaci\u00f3n legal.<\/p>\n\n\n\n<p>Puede contactarnos a trav\u00e9s de las direcciones indicadas al final de este documento.<\/p>\n\n\n\n<h3 class=\"wp-block-heading\" id=\"h-9-cambios-en-la-politica\"><strong>9. Cambios en la pol\u00edtica<\/strong><\/h3>\n\n\n\n<p>Dadas las circunstancias cambiantes y las exigencias legales, as\u00ed como la mejora progresiva de la calidad de nuestro servicio, advertimos que esta pol\u00edtica est\u00e1 sujeta a cambios de los cuales podr\u00edamos no tener la posibilidad de informarle previamente.<\/p>\n\n\n\n<p>Esta Pol\u00edtica de Privacidad fue actualizada por \u00faltima vez el 23 de febrero de 2026.<\/p>\n\n\n\n<h3 class=\"wp-block-heading\" id=\"h-10-responsabilidad-y-contactos\"><strong>10. Responsabilidad y contactos<\/strong><\/h3>\n\n\n\n<p>Sus datos son recopilados y tratados por MYTREESAPP LDA, con domicilio social en AVENIDA ANT\u00d3NIO AUGUSTO DE AGUIAR N 24 1 ESQ, AVENIDAS NOVAS, 1050-016 LISBOA, persona jur\u00eddica n.\u00ba 517727498, registrada en 4227 &#8211; ODIVELAS con el mismo n\u00famero.<br>Si tiene alguna pregunta sobre c\u00f3mo tratamos y protegemos sus datos, puede contactarnos a trav\u00e9s del correo electr\u00f3nico <a>info@mytreesapp.com<\/a>.<\/p>\n","protected":false},"excerpt":{"rendered":"<p>MyTreesApp Lda (en adelante MyTreesApp) opera el sitio https:\/\/mytreesapp.com\/ y se compromete, en todo momento, a proteger sus Datos Personales y a cumplir con las leyes aplicables en materia de Protecci\u00f3n de Datos, Privacidad y Seguridad de la Informaci\u00f3n, en los t\u00e9rminos utilizados por el legislador europeo para la adopci\u00f3n del Reglamento General de Protecci\u00f3n [&hellip;]<\/p>\n","protected":false},"author":2,"featured_media":0,"parent":0,"menu_order":0,"comment_status":"closed","ping_status":"open","template":"","meta":{"footnotes":""},"class_list":["post-83","page","type-page","status-publish","hentry"],"acf":[],"yoast_head":"<!-- This site is optimized with the Yoast SEO Premium plugin v26.8 (Yoast SEO v26.8) - https:\/\/yoast.com\/product\/yoast-seo-premium-wordpress\/ -->\n<title>Pol\u00edtica de Privacidad - MyTreesApp<\/title>\n<meta name=\"robots\" content=\"index, follow, max-snippet:-1, max-image-preview:large, max-video-preview:-1\" \/>\n<link rel=\"canonical\" href=\"https:\/\/mytreesapp.com\/es\/privacy-policy\/\" \/>\n<meta property=\"og:locale\" content=\"es_ES\" \/>\n<meta property=\"og:type\" content=\"article\" \/>\n<meta property=\"og:title\" content=\"Pol\u00edtica de Privacidad\" \/>\n<meta property=\"og:description\" content=\"MyTreesApp Lda (en adelante MyTreesApp) opera el sitio https:\/\/mytreesapp.com\/ y se compromete, en todo momento, a proteger sus Datos Personales y a cumplir con las leyes aplicables en materia de Protecci\u00f3n de Datos, Privacidad y Seguridad de la Informaci\u00f3n, en los t\u00e9rminos utilizados por el legislador europeo para la adopci\u00f3n del Reglamento General de Protecci\u00f3n [&hellip;]\" \/>\n<meta property=\"og:url\" content=\"https:\/\/mytreesapp.com\/es\/privacy-policy\/\" \/>\n<meta property=\"og:site_name\" content=\"MyTreesApp\" \/>\n<meta property=\"article:modified_time\" content=\"2026-03-02T17:10:30+00:00\" \/>\n<meta property=\"og:image\" content=\"https:\/\/mytreesapp.com\/wp-content\/uploads\/2026\/02\/Screenshot-2026-02-03-at-18.04.31.png\" \/>\n\t<meta property=\"og:image:width\" content=\"1347\" \/>\n\t<meta property=\"og:image:height\" content=\"718\" \/>\n\t<meta property=\"og:image:type\" content=\"image\/png\" \/>\n<meta name=\"twitter:card\" content=\"summary_large_image\" \/>\n<meta name=\"twitter:label1\" content=\"Tiempo de lectura\" \/>\n\t<meta name=\"twitter:data1\" content=\"7 minutos\" \/>\n<script type=\"application\/ld+json\" class=\"yoast-schema-graph\">{\"@context\":\"https:\/\/schema.org\",\"@graph\":[{\"@type\":\"WebPage\",\"@id\":\"https:\/\/mytreesapp.com\/es\/privacy-policy\/\",\"url\":\"https:\/\/mytreesapp.com\/es\/privacy-policy\/\",\"name\":\"Pol\u00edtica de Privacidad - MyTreesApp\",\"isPartOf\":{\"@id\":\"https:\/\/mytreesapp.com\/#website\"},\"datePublished\":\"2025-12-18T16:15:23+00:00\",\"dateModified\":\"2026-03-02T17:10:30+00:00\",\"breadcrumb\":{\"@id\":\"https:\/\/mytreesapp.com\/es\/privacy-policy\/#breadcrumb\"},\"inLanguage\":\"es\",\"potentialAction\":[{\"@type\":\"ReadAction\",\"target\":[\"https:\/\/mytreesapp.com\/es\/privacy-policy\/\"]}]},{\"@type\":\"BreadcrumbList\",\"@id\":\"https:\/\/mytreesapp.com\/es\/privacy-policy\/#breadcrumb\",\"itemListElement\":[{\"@type\":\"ListItem\",\"position\":1,\"name\":\"Home\",\"item\":\"https:\/\/mytreesapp.com\/es\/\"},{\"@type\":\"ListItem\",\"position\":2,\"name\":\"Pol\u00edtica de Privacidad\"}]},{\"@type\":\"WebSite\",\"@id\":\"https:\/\/mytreesapp.com\/#website\",\"url\":\"https:\/\/mytreesapp.com\/\",\"name\":\"MyTreesApp\",\"description\":\"\",\"potentialAction\":[{\"@type\":\"SearchAction\",\"target\":{\"@type\":\"EntryPoint\",\"urlTemplate\":\"https:\/\/mytreesapp.com\/?s={search_term_string}\"},\"query-input\":{\"@type\":\"PropertyValueSpecification\",\"valueRequired\":true,\"valueName\":\"search_term_string\"}}],\"inLanguage\":\"es\"}]}<\/script>\n<!-- \/ Yoast SEO Premium plugin. -->","yoast_head_json":{"title":"Pol\u00edtica de Privacidad - MyTreesApp","robots":{"index":"index","follow":"follow","max-snippet":"max-snippet:-1","max-image-preview":"max-image-preview:large","max-video-preview":"max-video-preview:-1"},"canonical":"https:\/\/mytreesapp.com\/es\/privacy-policy\/","og_locale":"es_ES","og_type":"article","og_title":"Pol\u00edtica de Privacidad","og_description":"MyTreesApp Lda (en adelante MyTreesApp) opera el sitio https:\/\/mytreesapp.com\/ y se compromete, en todo momento, a proteger sus Datos Personales y a cumplir con las leyes aplicables en materia de Protecci\u00f3n de Datos, Privacidad y Seguridad de la Informaci\u00f3n, en los t\u00e9rminos utilizados por el legislador europeo para la adopci\u00f3n del Reglamento General de Protecci\u00f3n [&hellip;]","og_url":"https:\/\/mytreesapp.com\/es\/privacy-policy\/","og_site_name":"MyTreesApp","article_modified_time":"2026-03-02T17:10:30+00:00","og_image":[{"width":1347,"height":718,"url":"https:\/\/mytreesapp.com\/wp-content\/uploads\/2026\/02\/Screenshot-2026-02-03-at-18.04.31.png","type":"image\/png"}],"twitter_card":"summary_large_image","twitter_misc":{"Tiempo de lectura":"7 minutos"},"schema":{"@context":"https:\/\/schema.org","@graph":[{"@type":"WebPage","@id":"https:\/\/mytreesapp.com\/es\/privacy-policy\/","url":"https:\/\/mytreesapp.com\/es\/privacy-policy\/","name":"Pol\u00edtica de Privacidad - MyTreesApp","isPartOf":{"@id":"https:\/\/mytreesapp.com\/#website"},"datePublished":"2025-12-18T16:15:23+00:00","dateModified":"2026-03-02T17:10:30+00:00","breadcrumb":{"@id":"https:\/\/mytreesapp.com\/es\/privacy-policy\/#breadcrumb"},"inLanguage":"es","potentialAction":[{"@type":"ReadAction","target":["https:\/\/mytreesapp.com\/es\/privacy-policy\/"]}]},{"@type":"BreadcrumbList","@id":"https:\/\/mytreesapp.com\/es\/privacy-policy\/#breadcrumb","itemListElement":[{"@type":"ListItem","position":1,"name":"Home","item":"https:\/\/mytreesapp.com\/es\/"},{"@type":"ListItem","position":2,"name":"Pol\u00edtica de Privacidad"}]},{"@type":"WebSite","@id":"https:\/\/mytreesapp.com\/#website","url":"https:\/\/mytreesapp.com\/","name":"MyTreesApp","description":"","potentialAction":[{"@type":"SearchAction","target":{"@type":"EntryPoint","urlTemplate":"https:\/\/mytreesapp.com\/?s={search_term_string}"},"query-input":{"@type":"PropertyValueSpecification","valueRequired":true,"valueName":"search_term_string"}}],"inLanguage":"es"}]}},"_links":{"self":[{"href":"https:\/\/mytreesapp.com\/es\/wp-json\/wp\/v2\/pages\/83","targetHints":{"allow":["GET"]}}],"collection":[{"href":"https:\/\/mytreesapp.com\/es\/wp-json\/wp\/v2\/pages"}],"about":[{"href":"https:\/\/mytreesapp.com\/es\/wp-json\/wp\/v2\/types\/page"}],"author":[{"embeddable":true,"href":"https:\/\/mytreesapp.com\/es\/wp-json\/wp\/v2\/users\/2"}],"replies":[{"embeddable":true,"href":"https:\/\/mytreesapp.com\/es\/wp-json\/wp\/v2\/comments?post=83"}],"version-history":[{"count":4,"href":"https:\/\/mytreesapp.com\/es\/wp-json\/wp\/v2\/pages\/83\/revisions"}],"predecessor-version":[{"id":345,"href":"https:\/\/mytreesapp.com\/es\/wp-json\/wp\/v2\/pages\/83\/revisions\/345"}],"wp:attachment":[{"href":"https:\/\/mytreesapp.com\/es\/wp-json\/wp\/v2\/media?parent=83"}],"curies":[{"name":"wp","href":"https:\/\/api.w.org\/{rel}","templated":true}]}}