{"id":89,"date":"2025-12-23T15:56:51","date_gmt":"2025-12-23T15:56:51","guid":{"rendered":"https:\/\/mytreesapp.com\/license-agreement\/"},"modified":"2026-03-02T17:28:01","modified_gmt":"2026-03-02T17:28:01","slug":"terms-and-conditions","status":"publish","type":"page","link":"https:\/\/mytreesapp.com\/es\/terms-and-conditions\/","title":{"rendered":"Terms and Conditions"},"content":{"rendered":"\n<h3 class=\"wp-block-heading\" id=\"h-by-submitting-the-contact-form-on-the-https-mytreesapp-com-website-the-user-agrees-to-the-following-terms-and-conditions\">By submitting the contact form on the <a href=\"https:\/\/mytreesapp.com\/es\/\">https:\/\/mytreesapp.com\/<\/a> website, the user agrees to the following Terms and Conditions:<\/h3>\n\n\n\n<ol class=\"wp-block-list\">\n<li>Recopilaci\u00f3n de datos personales<br>Los datos proporcionados en el formulario, como nombre, correo electr\u00f3nico y otra informaci\u00f3n personal, se utilizar\u00e1n exclusivamente para responder a la solicitud de contacto o proporcionar informaci\u00f3n relacionada con los servicios de MyTreesApp.<\/li>\n\n\n\n<li>Protecci\u00f3n de datos<br>Garantizamos la confidencialidad de los datos personales recopilados, que se procesar\u00e1n de acuerdo con el Reglamento General de Protecci\u00f3n de Datos (RGPD) y otra legislaci\u00f3n aplicable.<\/li>\n\n\n\n<li>Compartir datos<br>Los datos proporcionados no se compartir\u00e1n con terceros, salvo cuando sea necesario para cumplir con obligaciones legales o proporcionar el servicio solicitado.<\/li>\n\n\n\n<li>Derechos del usuario<br>El usuario tiene derecho a acceder, corregir, actualizar o eliminar sus datos personales. Para ejercer estos derechos, puede contactarnos en: <a>info@mytreesapp.com<\/a>.<\/li>\n\n\n\n<li>Consentimiento<br>Al enviar el formulario, el usuario declara que ha proporcionado sus datos voluntariamente y da su consentimiento para su procesamiento de acuerdo con estos T\u00e9rminos y Condiciones.<\/li>\n\n\n\n<li>Cambios en los T\u00e9rminos y Condiciones<br>MyTreesApp se reserva el derecho de actualizar los T\u00e9rminos y Condiciones en cualquier momento, publicando los cambios en el sitio web.<\/li>\n<\/ol>\n\n\n\n<h3 class=\"wp-block-heading\" id=\"h-si-tiene-alguna-pregunta-o-inquietud-sobre-como-manejamos-sus-datos-contactenos\">Si tiene alguna pregunta o inquietud sobre c\u00f3mo manejamos sus datos, cont\u00e1ctenos.<\/h3>\n","protected":false},"excerpt":{"rendered":"<p>By submitting the contact form on the https:\/\/mytreesapp.com\/ website, the user agrees to the following Terms and Conditions: Si tiene alguna pregunta o inquietud sobre c\u00f3mo manejamos sus datos, cont\u00e1ctenos.<\/p>\n","protected":false},"author":2,"featured_media":0,"parent":0,"menu_order":0,"comment_status":"closed","ping_status":"closed","template":"","meta":{"footnotes":""},"class_list":["post-89","page","type-page","status-publish","hentry"],"acf":[],"yoast_head":"<!-- This site is optimized with the Yoast SEO Premium plugin v26.8 (Yoast SEO v26.8) - https:\/\/yoast.com\/product\/yoast-seo-premium-wordpress\/ -->\n<title>Terms and Conditions - MyTreesApp<\/title>\n<meta name=\"robots\" content=\"index, follow, max-snippet:-1, max-image-preview:large, max-video-preview:-1\" \/>\n<link rel=\"canonical\" href=\"https:\/\/mytreesapp.com\/es\/terms-and-conditions\/\" \/>\n<meta property=\"og:locale\" content=\"es_ES\" \/>\n<meta property=\"og:type\" content=\"article\" \/>\n<meta property=\"og:title\" content=\"Terms and Conditions\" \/>\n<meta property=\"og:description\" content=\"By submitting the contact form on the https:\/\/mytreesapp.com\/ website, the user agrees to the following Terms and Conditions: Si tiene alguna pregunta o inquietud sobre c\u00f3mo manejamos sus datos, cont\u00e1ctenos.\" \/>\n<meta property=\"og:url\" content=\"https:\/\/mytreesapp.com\/es\/terms-and-conditions\/\" \/>\n<meta property=\"og:site_name\" content=\"MyTreesApp\" \/>\n<meta property=\"article:modified_time\" content=\"2026-03-02T17:28:01+00:00\" \/>\n<meta property=\"og:image\" content=\"https:\/\/mytreesapp.com\/wp-content\/uploads\/2026\/02\/Screenshot-2026-02-03-at-18.04.31.png\" \/>\n\t<meta property=\"og:image:width\" content=\"1347\" \/>\n\t<meta property=\"og:image:height\" content=\"718\" \/>\n\t<meta property=\"og:image:type\" content=\"image\/png\" \/>\n<meta name=\"twitter:card\" content=\"summary_large_image\" \/>\n<meta name=\"twitter:label1\" content=\"Tiempo de lectura\" \/>\n\t<meta name=\"twitter:data1\" content=\"1 minuto\" \/>\n<script type=\"application\/ld+json\" class=\"yoast-schema-graph\">{\"@context\":\"https:\/\/schema.org\",\"@graph\":[{\"@type\":\"WebPage\",\"@id\":\"https:\/\/mytreesapp.com\/es\/terms-and-conditions\/\",\"url\":\"https:\/\/mytreesapp.com\/es\/terms-and-conditions\/\",\"name\":\"Terms and Conditions - MyTreesApp\",\"isPartOf\":{\"@id\":\"https:\/\/mytreesapp.com\/#website\"},\"datePublished\":\"2025-12-23T15:56:51+00:00\",\"dateModified\":\"2026-03-02T17:28:01+00:00\",\"breadcrumb\":{\"@id\":\"https:\/\/mytreesapp.com\/es\/terms-and-conditions\/#breadcrumb\"},\"inLanguage\":\"es\",\"potentialAction\":[{\"@type\":\"ReadAction\",\"target\":[\"https:\/\/mytreesapp.com\/es\/terms-and-conditions\/\"]}]},{\"@type\":\"BreadcrumbList\",\"@id\":\"https:\/\/mytreesapp.com\/es\/terms-and-conditions\/#breadcrumb\",\"itemListElement\":[{\"@type\":\"ListItem\",\"position\":1,\"name\":\"Home\",\"item\":\"https:\/\/mytreesapp.com\/es\/\"},{\"@type\":\"ListItem\",\"position\":2,\"name\":\"Terms and Conditions\"}]},{\"@type\":\"WebSite\",\"@id\":\"https:\/\/mytreesapp.com\/#website\",\"url\":\"https:\/\/mytreesapp.com\/\",\"name\":\"MyTreesApp\",\"description\":\"\",\"potentialAction\":[{\"@type\":\"SearchAction\",\"target\":{\"@type\":\"EntryPoint\",\"urlTemplate\":\"https:\/\/mytreesapp.com\/?s={search_term_string}\"},\"query-input\":{\"@type\":\"PropertyValueSpecification\",\"valueRequired\":true,\"valueName\":\"search_term_string\"}}],\"inLanguage\":\"es\"}]}<\/script>\n<!-- \/ Yoast SEO Premium plugin. -->","yoast_head_json":{"title":"Terms and Conditions - MyTreesApp","robots":{"index":"index","follow":"follow","max-snippet":"max-snippet:-1","max-image-preview":"max-image-preview:large","max-video-preview":"max-video-preview:-1"},"canonical":"https:\/\/mytreesapp.com\/es\/terms-and-conditions\/","og_locale":"es_ES","og_type":"article","og_title":"Terms and Conditions","og_description":"By submitting the contact form on the https:\/\/mytreesapp.com\/ website, the user agrees to the following Terms and Conditions: Si tiene alguna pregunta o inquietud sobre c\u00f3mo manejamos sus datos, cont\u00e1ctenos.","og_url":"https:\/\/mytreesapp.com\/es\/terms-and-conditions\/","og_site_name":"MyTreesApp","article_modified_time":"2026-03-02T17:28:01+00:00","og_image":[{"width":1347,"height":718,"url":"https:\/\/mytreesapp.com\/wp-content\/uploads\/2026\/02\/Screenshot-2026-02-03-at-18.04.31.png","type":"image\/png"}],"twitter_card":"summary_large_image","twitter_misc":{"Tiempo de lectura":"1 minuto"},"schema":{"@context":"https:\/\/schema.org","@graph":[{"@type":"WebPage","@id":"https:\/\/mytreesapp.com\/es\/terms-and-conditions\/","url":"https:\/\/mytreesapp.com\/es\/terms-and-conditions\/","name":"Terms and Conditions - MyTreesApp","isPartOf":{"@id":"https:\/\/mytreesapp.com\/#website"},"datePublished":"2025-12-23T15:56:51+00:00","dateModified":"2026-03-02T17:28:01+00:00","breadcrumb":{"@id":"https:\/\/mytreesapp.com\/es\/terms-and-conditions\/#breadcrumb"},"inLanguage":"es","potentialAction":[{"@type":"ReadAction","target":["https:\/\/mytreesapp.com\/es\/terms-and-conditions\/"]}]},{"@type":"BreadcrumbList","@id":"https:\/\/mytreesapp.com\/es\/terms-and-conditions\/#breadcrumb","itemListElement":[{"@type":"ListItem","position":1,"name":"Home","item":"https:\/\/mytreesapp.com\/es\/"},{"@type":"ListItem","position":2,"name":"Terms and Conditions"}]},{"@type":"WebSite","@id":"https:\/\/mytreesapp.com\/#website","url":"https:\/\/mytreesapp.com\/","name":"MyTreesApp","description":"","potentialAction":[{"@type":"SearchAction","target":{"@type":"EntryPoint","urlTemplate":"https:\/\/mytreesapp.com\/?s={search_term_string}"},"query-input":{"@type":"PropertyValueSpecification","valueRequired":true,"valueName":"search_term_string"}}],"inLanguage":"es"}]}},"_links":{"self":[{"href":"https:\/\/mytreesapp.com\/es\/wp-json\/wp\/v2\/pages\/89","targetHints":{"allow":["GET"]}}],"collection":[{"href":"https:\/\/mytreesapp.com\/es\/wp-json\/wp\/v2\/pages"}],"about":[{"href":"https:\/\/mytreesapp.com\/es\/wp-json\/wp\/v2\/types\/page"}],"author":[{"embeddable":true,"href":"https:\/\/mytreesapp.com\/es\/wp-json\/wp\/v2\/users\/2"}],"replies":[{"embeddable":true,"href":"https:\/\/mytreesapp.com\/es\/wp-json\/wp\/v2\/comments?post=89"}],"version-history":[{"count":4,"href":"https:\/\/mytreesapp.com\/es\/wp-json\/wp\/v2\/pages\/89\/revisions"}],"predecessor-version":[{"id":350,"href":"https:\/\/mytreesapp.com\/es\/wp-json\/wp\/v2\/pages\/89\/revisions\/350"}],"wp:attachment":[{"href":"https:\/\/mytreesapp.com\/es\/wp-json\/wp\/v2\/media?parent=89"}],"curies":[{"name":"wp","href":"https:\/\/api.w.org\/{rel}","templated":true}]}}