{"id":323,"date":"2026-03-02T12:40:19","date_gmt":"2026-03-02T12:40:19","guid":{"rendered":"https:\/\/mytreesapp.com\/cookie-policy\/"},"modified":"2026-03-02T16:59:07","modified_gmt":"2026-03-02T16:59:07","slug":"cookie-policy","status":"publish","type":"page","link":"https:\/\/mytreesapp.com\/fr\/cookie-policy\/","title":{"rendered":"Cookie policy"},"content":{"rendered":"\n<h3 class=\"wp-block-heading\" id=\"h-derniere-mise-a-jour-23-fevrier-2026\">Derni\u00e8re mise \u00e0 jour : 23 f\u00e9vrier 2026<\/h3>\n\n\n\n<ol class=\"wp-block-list\">\n<li>Qu\u2019est-ce que les Cookies ?<br>Les cookies sont de petits fichiers stock\u00e9s sur votre appareil pour am\u00e9liorer l\u2019exp\u00e9rience de navigation.<\/li>\n\n\n\n<li>Types de cookies utilis\u00e9s<br>Essentiels : N\u00e9cessaires au fonctionnement du site.<br>Analyse : Aident \u00e0 comprendre comment les utilisateurs interagissent avec le site.<br>Publicit\u00e9 : Utilis\u00e9s pour afficher des annonces pertinentes.<\/li>\n\n\n\n<li>Comment g\u00e9rer les cookies ?<br>Vous pouvez g\u00e9rer vos pr\u00e9f\u00e9rences via les param\u00e8tres de votre navigateur ou notre gestionnaire de consentement aux cookies.<\/li>\n\n\n\n<li>Modifications de la politique de cookies<br>Cette politique peut \u00eatre modifi\u00e9e p\u00e9riodiquement. Nous vous recommandons de la consulter r\u00e9guli\u00e8rement.<\/li>\n<\/ol>\n\n\n\n<p>Mentions l\u00e9gales (le cas \u00e9ch\u00e9ant)<br>Les informations fournies sur ce site sont \u00e0 titre informatif uniquement. MyTreesApp n\u2019est pas responsable des d\u00e9cisions prises sur la base du contenu du site sans consultation professionnelle appropri\u00e9e.<\/p>\n","protected":false},"excerpt":{"rendered":"<p>Derni\u00e8re mise \u00e0 jour : 23 f\u00e9vrier 2026 Mentions l\u00e9gales (le cas \u00e9ch\u00e9ant)Les informations fournies sur ce site sont \u00e0 titre informatif uniquement. MyTreesApp n\u2019est pas responsable des d\u00e9cisions prises sur la base du contenu du site sans consultation professionnelle appropri\u00e9e.<\/p>\n","protected":false},"author":2,"featured_media":0,"parent":0,"menu_order":0,"comment_status":"closed","ping_status":"closed","template":"","meta":{"footnotes":""},"class_list":["post-323","page","type-page","status-publish","hentry"],"acf":[],"yoast_head":"<!-- This site is optimized with the Yoast SEO Premium plugin v26.8 (Yoast SEO v26.8) - https:\/\/yoast.com\/product\/yoast-seo-premium-wordpress\/ -->\n<title>Cookie policy - MyTreesApp<\/title>\n<meta name=\"robots\" content=\"index, follow, max-snippet:-1, max-image-preview:large, max-video-preview:-1\" \/>\n<link rel=\"canonical\" href=\"https:\/\/mytreesapp.com\/fr\/cookie-policy\/\" \/>\n<meta property=\"og:locale\" content=\"fr_FR\" \/>\n<meta property=\"og:type\" content=\"article\" \/>\n<meta property=\"og:title\" content=\"Cookie policy\" \/>\n<meta property=\"og:description\" content=\"Derni\u00e8re mise \u00e0 jour : 23 f\u00e9vrier 2026 Mentions l\u00e9gales (le cas \u00e9ch\u00e9ant)Les informations fournies sur ce site sont \u00e0 titre informatif uniquement. MyTreesApp n\u2019est pas responsable des d\u00e9cisions prises sur la base du contenu du site sans consultation professionnelle appropri\u00e9e.\" \/>\n<meta property=\"og:url\" content=\"https:\/\/mytreesapp.com\/fr\/cookie-policy\/\" \/>\n<meta property=\"og:site_name\" content=\"MyTreesApp\" \/>\n<meta property=\"article:modified_time\" content=\"2026-03-02T16:59:07+00:00\" \/>\n<meta property=\"og:image\" content=\"https:\/\/mytreesapp.com\/wp-content\/uploads\/2026\/02\/Screenshot-2026-02-03-at-18.04.31.png\" \/>\n\t<meta property=\"og:image:width\" content=\"1347\" \/>\n\t<meta property=\"og:image:height\" content=\"718\" \/>\n\t<meta property=\"og:image:type\" content=\"image\/png\" \/>\n<meta name=\"twitter:card\" content=\"summary_large_image\" \/>\n<meta name=\"twitter:label1\" content=\"Dur\u00e9e de lecture estim\u00e9e\" \/>\n\t<meta name=\"twitter:data1\" content=\"1 minute\" \/>\n<script type=\"application\/ld+json\" class=\"yoast-schema-graph\">{\"@context\":\"https:\/\/schema.org\",\"@graph\":[{\"@type\":\"WebPage\",\"@id\":\"https:\/\/mytreesapp.com\/fr\/cookie-policy\/\",\"url\":\"https:\/\/mytreesapp.com\/fr\/cookie-policy\/\",\"name\":\"Cookie policy - MyTreesApp\",\"isPartOf\":{\"@id\":\"https:\/\/mytreesapp.com\/#website\"},\"datePublished\":\"2026-03-02T12:40:19+00:00\",\"dateModified\":\"2026-03-02T16:59:07+00:00\",\"breadcrumb\":{\"@id\":\"https:\/\/mytreesapp.com\/fr\/cookie-policy\/#breadcrumb\"},\"inLanguage\":\"fr-FR\",\"potentialAction\":[{\"@type\":\"ReadAction\",\"target\":[\"https:\/\/mytreesapp.com\/fr\/cookie-policy\/\"]}]},{\"@type\":\"BreadcrumbList\",\"@id\":\"https:\/\/mytreesapp.com\/fr\/cookie-policy\/#breadcrumb\",\"itemListElement\":[{\"@type\":\"ListItem\",\"position\":1,\"name\":\"Home\",\"item\":\"https:\/\/mytreesapp.com\/fr\/\"},{\"@type\":\"ListItem\",\"position\":2,\"name\":\"Cookie policy\"}]},{\"@type\":\"WebSite\",\"@id\":\"https:\/\/mytreesapp.com\/#website\",\"url\":\"https:\/\/mytreesapp.com\/\",\"name\":\"MyTreesApp\",\"description\":\"\",\"potentialAction\":[{\"@type\":\"SearchAction\",\"target\":{\"@type\":\"EntryPoint\",\"urlTemplate\":\"https:\/\/mytreesapp.com\/?s={search_term_string}\"},\"query-input\":{\"@type\":\"PropertyValueSpecification\",\"valueRequired\":true,\"valueName\":\"search_term_string\"}}],\"inLanguage\":\"fr-FR\"}]}<\/script>\n<!-- \/ Yoast SEO Premium plugin. -->","yoast_head_json":{"title":"Cookie policy - MyTreesApp","robots":{"index":"index","follow":"follow","max-snippet":"max-snippet:-1","max-image-preview":"max-image-preview:large","max-video-preview":"max-video-preview:-1"},"canonical":"https:\/\/mytreesapp.com\/fr\/cookie-policy\/","og_locale":"fr_FR","og_type":"article","og_title":"Cookie policy","og_description":"Derni\u00e8re mise \u00e0 jour : 23 f\u00e9vrier 2026 Mentions l\u00e9gales (le cas \u00e9ch\u00e9ant)Les informations fournies sur ce site sont \u00e0 titre informatif uniquement. MyTreesApp n\u2019est pas responsable des d\u00e9cisions prises sur la base du contenu du site sans consultation professionnelle appropri\u00e9e.","og_url":"https:\/\/mytreesapp.com\/fr\/cookie-policy\/","og_site_name":"MyTreesApp","article_modified_time":"2026-03-02T16:59:07+00:00","og_image":[{"width":1347,"height":718,"url":"https:\/\/mytreesapp.com\/wp-content\/uploads\/2026\/02\/Screenshot-2026-02-03-at-18.04.31.png","type":"image\/png"}],"twitter_card":"summary_large_image","twitter_misc":{"Dur\u00e9e de lecture estim\u00e9e":"1 minute"},"schema":{"@context":"https:\/\/schema.org","@graph":[{"@type":"WebPage","@id":"https:\/\/mytreesapp.com\/fr\/cookie-policy\/","url":"https:\/\/mytreesapp.com\/fr\/cookie-policy\/","name":"Cookie policy - MyTreesApp","isPartOf":{"@id":"https:\/\/mytreesapp.com\/#website"},"datePublished":"2026-03-02T12:40:19+00:00","dateModified":"2026-03-02T16:59:07+00:00","breadcrumb":{"@id":"https:\/\/mytreesapp.com\/fr\/cookie-policy\/#breadcrumb"},"inLanguage":"fr-FR","potentialAction":[{"@type":"ReadAction","target":["https:\/\/mytreesapp.com\/fr\/cookie-policy\/"]}]},{"@type":"BreadcrumbList","@id":"https:\/\/mytreesapp.com\/fr\/cookie-policy\/#breadcrumb","itemListElement":[{"@type":"ListItem","position":1,"name":"Home","item":"https:\/\/mytreesapp.com\/fr\/"},{"@type":"ListItem","position":2,"name":"Cookie policy"}]},{"@type":"WebSite","@id":"https:\/\/mytreesapp.com\/#website","url":"https:\/\/mytreesapp.com\/","name":"MyTreesApp","description":"","potentialAction":[{"@type":"SearchAction","target":{"@type":"EntryPoint","urlTemplate":"https:\/\/mytreesapp.com\/?s={search_term_string}"},"query-input":{"@type":"PropertyValueSpecification","valueRequired":true,"valueName":"search_term_string"}}],"inLanguage":"fr-FR"}]}},"_links":{"self":[{"href":"https:\/\/mytreesapp.com\/fr\/wp-json\/wp\/v2\/pages\/323","targetHints":{"allow":["GET"]}}],"collection":[{"href":"https:\/\/mytreesapp.com\/fr\/wp-json\/wp\/v2\/pages"}],"about":[{"href":"https:\/\/mytreesapp.com\/fr\/wp-json\/wp\/v2\/types\/page"}],"author":[{"embeddable":true,"href":"https:\/\/mytreesapp.com\/fr\/wp-json\/wp\/v2\/users\/2"}],"replies":[{"embeddable":true,"href":"https:\/\/mytreesapp.com\/fr\/wp-json\/wp\/v2\/comments?post=323"}],"version-history":[{"count":2,"href":"https:\/\/mytreesapp.com\/fr\/wp-json\/wp\/v2\/pages\/323\/revisions"}],"predecessor-version":[{"id":335,"href":"https:\/\/mytreesapp.com\/fr\/wp-json\/wp\/v2\/pages\/323\/revisions\/335"}],"wp:attachment":[{"href":"https:\/\/mytreesapp.com\/fr\/wp-json\/wp\/v2\/media?parent=323"}],"curies":[{"name":"wp","href":"https:\/\/api.w.org\/{rel}","templated":true}]}}