{"id":357,"date":"2026-03-02T17:32:19","date_gmt":"2026-03-02T17:32:19","guid":{"rendered":"https:\/\/mytreesapp.com\/license-agreement\/"},"modified":"2026-03-02T17:42:02","modified_gmt":"2026-03-02T17:42:02","slug":"license-agreement","status":"publish","type":"page","link":"https:\/\/mytreesapp.com\/fr\/license-agreement\/","title":{"rendered":"Contrat de licence"},"content":{"rendered":"\n<h3 class=\"wp-block-heading\" id=\"h-date-d-entree-en-vigueur-01-01-2025\"><strong>Date d&rsquo;entr\u00e9e en vigueur :<\/strong> 01\/01\/2025<br><\/h3>\n\n\n\n<p>Cet Accord de Licence (\u00ab\u00a0Accord\u00a0\u00bb) est un accord l\u00e9gal entre vous (\u00ab\u00a0Utilisateur\u00a0\u00bb) et MyTreesApp concernant l&rsquo;utilisation du logiciel et des services MyTreesApp.<br><\/p>\n\n\n\n<h3 class=\"wp-block-heading\" id=\"h-1-octroi-de-licence\"><strong>1. Octroi de licence<\/strong><\/h3>\n\n\n\n<p><br>MyTreesApp vous accorde une licence non exclusive, non transf\u00e9rable et r\u00e9vocable pour utiliser l&rsquo;application \u00e0 des fins personnelles ou professionnelles, sous r\u00e9serve de cet accord. L&rsquo;application est bas\u00e9e sur un abonnement et permet l&rsquo;installation sur plusieurs appareils lorsque cela est applicable, y compris une version web.<\/p>\n\n\n\n<h3 class=\"wp-block-heading\" id=\"h-2-restrictions-d-utilisation\"><strong>2. Restrictions d&rsquo;utilisation<\/strong><\/h3>\n\n\n\n<p>Les utilisateurs acceptent d&rsquo;utiliser l&rsquo;application conform\u00e9ment \u00e0 son objectif pr\u00e9vu. MyTreesApp fonctionne selon une <strong>Politique d&rsquo;Utilisation \u00c9quitable<\/strong>, permettant un <strong>stockage illimit\u00e9 dans le cloud<\/strong> pour la gestion d&rsquo;arbres professionnels ou personnels. Cependant, les utilisateurs <strong>ne peuvent pas<\/strong> :<\/p>\n\n\n\n<ul class=\"wp-block-list\">\n<li>Utilisez la galerie d&rsquo;images de l&rsquo;application ou la fonction de t\u00e9l\u00e9chargement de documents comme un syst\u00e8me de stockage personnel sans rapport avec l&rsquo;entretien des arbres.<\/li>\n\n\n\n<li>Copier, modifier, distribuer ou revendre l&rsquo;application.<\/li>\n\n\n\n<li>Ing\u00e9nierie inverse ou tenter d&rsquo;extraire le code source.<br><\/li>\n<\/ul>\n\n\n\n<h3 class=\"wp-block-heading\" id=\"h-3-propriete-et-propriete-intellectuelle\"><strong>3. Propri\u00e9t\u00e9 et Propri\u00e9t\u00e9 Intellectuelle<\/strong><\/h3>\n\n\n\n<p><br>MyTreesApp et tout le contenu associ\u00e9 (y compris les textes, images, animations 3D) restent la propri\u00e9t\u00e9 exclusive de leurs cr\u00e9ateurs. Cette licence ne conf\u00e8re aucun droit de propri\u00e9t\u00e9 intellectuelle.<br><\/p>\n\n\n\n<h3 class=\"wp-block-heading\" id=\"h-4-resiliation\"><strong>4. R\u00e9siliation<\/strong><\/h3>\n\n\n\n<p><br>L&rsquo;acc\u00e8s \u00e0 MyTreesApp peut \u00eatre r\u00e9voqu\u00e9 si :<\/p>\n\n\n\n<ul class=\"wp-block-list\">\n<li>L&rsquo;utilisateur ne parvient pas \u00e0 maintenir un abonnement actif.<\/li>\n\n\n\n<li>L&rsquo;utilisateur <strong>enfreint la politique d&rsquo;utilisation \u00e9quitable<\/strong> en abusant des fonctions de stockage.<\/li>\n\n\n\n<li>Toute autre violation mat\u00e9rielle de cet accord se produit.<\/li>\n<\/ul>\n\n\n\n<h3 class=\"wp-block-heading\" id=\"h-5-clause-de-non-responsabilite\"><strong>5. Clause de non-responsabilit\u00e9<\/strong><\/h3>\n\n\n\n<p>L&rsquo;application fournit du mat\u00e9riel de r\u00e9f\u00e9rence visuel sur l&rsquo;escalade d&rsquo;arbres, les n\u0153uds et l&rsquo;\u00e9quipement. Cependant, cela ne remplace pas une formation professionnelle. Les utilisateurs doivent suivre une formation formelle avant d&rsquo;appliquer les techniques montr\u00e9es. MyTreesApp n&rsquo;est pas responsable des blessures, dommages ou pertes r\u00e9sultant d&rsquo;une mauvaise utilisation des informations fournies.<br><\/p>\n\n\n\n<h3 class=\"wp-block-heading\" id=\"h-6-droit-applicable\"><strong>6. Droit applicable<\/strong><\/h3>\n\n\n\n<p>Cet Accord est r\u00e9gi par les lois du <strong>Portugal<\/strong>. Toute dispute sera r\u00e9gl\u00e9e par les tribunaux portugais.<br><\/p>\n\n\n\n<p>En utilisant MyTreesApp, vous acceptez cet accord de licence. Si vous n&rsquo;acceptez pas ces conditions, veuillez cesser d&rsquo;utiliser l&rsquo;application.&nbsp;<\/p>\n","protected":false},"excerpt":{"rendered":"<p>Date d&rsquo;entr\u00e9e en vigueur : 01\/01\/2025 Cet Accord de Licence (\u00ab\u00a0Accord\u00a0\u00bb) est un accord l\u00e9gal entre vous (\u00ab\u00a0Utilisateur\u00a0\u00bb) et MyTreesApp concernant l&rsquo;utilisation du logiciel et des services MyTreesApp. 1. Octroi de licence MyTreesApp vous accorde une licence non exclusive, non transf\u00e9rable et r\u00e9vocable pour utiliser l&rsquo;application \u00e0 des fins personnelles ou professionnelles, sous r\u00e9serve de [&hellip;]<\/p>\n","protected":false},"author":2,"featured_media":0,"parent":0,"menu_order":0,"comment_status":"closed","ping_status":"closed","template":"","meta":{"footnotes":""},"class_list":["post-357","page","type-page","status-publish","hentry"],"acf":[],"yoast_head":"<!-- This site is optimized with the Yoast SEO Premium plugin v26.8 (Yoast SEO v26.8) - https:\/\/yoast.com\/product\/yoast-seo-premium-wordpress\/ -->\n<title>Contrat de licence - MyTreesApp<\/title>\n<meta name=\"robots\" content=\"index, follow, max-snippet:-1, max-image-preview:large, max-video-preview:-1\" \/>\n<link rel=\"canonical\" href=\"https:\/\/mytreesapp.com\/fr\/license-agreement\/\" \/>\n<meta property=\"og:locale\" content=\"fr_FR\" \/>\n<meta property=\"og:type\" content=\"article\" \/>\n<meta property=\"og:title\" content=\"Contrat de licence\" \/>\n<meta property=\"og:description\" content=\"Date d&rsquo;entr\u00e9e en vigueur : 01\/01\/2025 Cet Accord de Licence (\u00ab\u00a0Accord\u00a0\u00bb) est un accord l\u00e9gal entre vous (\u00ab\u00a0Utilisateur\u00a0\u00bb) et MyTreesApp concernant l&rsquo;utilisation du logiciel et des services MyTreesApp. 1. Octroi de licence MyTreesApp vous accorde une licence non exclusive, non transf\u00e9rable et r\u00e9vocable pour utiliser l&rsquo;application \u00e0 des fins personnelles ou professionnelles, sous r\u00e9serve de [&hellip;]\" \/>\n<meta property=\"og:url\" content=\"https:\/\/mytreesapp.com\/fr\/license-agreement\/\" \/>\n<meta property=\"og:site_name\" content=\"MyTreesApp\" \/>\n<meta property=\"article:modified_time\" content=\"2026-03-02T17:42:02+00:00\" \/>\n<meta property=\"og:image\" content=\"https:\/\/mytreesapp.com\/wp-content\/uploads\/2026\/02\/Screenshot-2026-02-03-at-18.04.31.png\" \/>\n\t<meta property=\"og:image:width\" content=\"1347\" \/>\n\t<meta property=\"og:image:height\" content=\"718\" \/>\n\t<meta property=\"og:image:type\" content=\"image\/png\" \/>\n<meta name=\"twitter:card\" content=\"summary_large_image\" \/>\n<meta name=\"twitter:label1\" content=\"Dur\u00e9e de lecture estim\u00e9e\" \/>\n\t<meta name=\"twitter:data1\" content=\"2 minutes\" \/>\n<script type=\"application\/ld+json\" class=\"yoast-schema-graph\">{\"@context\":\"https:\/\/schema.org\",\"@graph\":[{\"@type\":\"WebPage\",\"@id\":\"https:\/\/mytreesapp.com\/fr\/license-agreement\/\",\"url\":\"https:\/\/mytreesapp.com\/fr\/license-agreement\/\",\"name\":\"Contrat de licence - MyTreesApp\",\"isPartOf\":{\"@id\":\"https:\/\/mytreesapp.com\/#website\"},\"datePublished\":\"2026-03-02T17:32:19+00:00\",\"dateModified\":\"2026-03-02T17:42:02+00:00\",\"breadcrumb\":{\"@id\":\"https:\/\/mytreesapp.com\/fr\/license-agreement\/#breadcrumb\"},\"inLanguage\":\"fr-FR\",\"potentialAction\":[{\"@type\":\"ReadAction\",\"target\":[\"https:\/\/mytreesapp.com\/fr\/license-agreement\/\"]}]},{\"@type\":\"BreadcrumbList\",\"@id\":\"https:\/\/mytreesapp.com\/fr\/license-agreement\/#breadcrumb\",\"itemListElement\":[{\"@type\":\"ListItem\",\"position\":1,\"name\":\"Home\",\"item\":\"https:\/\/mytreesapp.com\/fr\/\"},{\"@type\":\"ListItem\",\"position\":2,\"name\":\"Contrat de licence\"}]},{\"@type\":\"WebSite\",\"@id\":\"https:\/\/mytreesapp.com\/#website\",\"url\":\"https:\/\/mytreesapp.com\/\",\"name\":\"MyTreesApp\",\"description\":\"\",\"potentialAction\":[{\"@type\":\"SearchAction\",\"target\":{\"@type\":\"EntryPoint\",\"urlTemplate\":\"https:\/\/mytreesapp.com\/?s={search_term_string}\"},\"query-input\":{\"@type\":\"PropertyValueSpecification\",\"valueRequired\":true,\"valueName\":\"search_term_string\"}}],\"inLanguage\":\"fr-FR\"}]}<\/script>\n<!-- \/ Yoast SEO Premium plugin. -->","yoast_head_json":{"title":"Contrat de licence - MyTreesApp","robots":{"index":"index","follow":"follow","max-snippet":"max-snippet:-1","max-image-preview":"max-image-preview:large","max-video-preview":"max-video-preview:-1"},"canonical":"https:\/\/mytreesapp.com\/fr\/license-agreement\/","og_locale":"fr_FR","og_type":"article","og_title":"Contrat de licence","og_description":"Date d&rsquo;entr\u00e9e en vigueur : 01\/01\/2025 Cet Accord de Licence (\u00ab\u00a0Accord\u00a0\u00bb) est un accord l\u00e9gal entre vous (\u00ab\u00a0Utilisateur\u00a0\u00bb) et MyTreesApp concernant l&rsquo;utilisation du logiciel et des services MyTreesApp. 1. Octroi de licence MyTreesApp vous accorde une licence non exclusive, non transf\u00e9rable et r\u00e9vocable pour utiliser l&rsquo;application \u00e0 des fins personnelles ou professionnelles, sous r\u00e9serve de [&hellip;]","og_url":"https:\/\/mytreesapp.com\/fr\/license-agreement\/","og_site_name":"MyTreesApp","article_modified_time":"2026-03-02T17:42:02+00:00","og_image":[{"width":1347,"height":718,"url":"https:\/\/mytreesapp.com\/wp-content\/uploads\/2026\/02\/Screenshot-2026-02-03-at-18.04.31.png","type":"image\/png"}],"twitter_card":"summary_large_image","twitter_misc":{"Dur\u00e9e de lecture estim\u00e9e":"2 minutes"},"schema":{"@context":"https:\/\/schema.org","@graph":[{"@type":"WebPage","@id":"https:\/\/mytreesapp.com\/fr\/license-agreement\/","url":"https:\/\/mytreesapp.com\/fr\/license-agreement\/","name":"Contrat de licence - MyTreesApp","isPartOf":{"@id":"https:\/\/mytreesapp.com\/#website"},"datePublished":"2026-03-02T17:32:19+00:00","dateModified":"2026-03-02T17:42:02+00:00","breadcrumb":{"@id":"https:\/\/mytreesapp.com\/fr\/license-agreement\/#breadcrumb"},"inLanguage":"fr-FR","potentialAction":[{"@type":"ReadAction","target":["https:\/\/mytreesapp.com\/fr\/license-agreement\/"]}]},{"@type":"BreadcrumbList","@id":"https:\/\/mytreesapp.com\/fr\/license-agreement\/#breadcrumb","itemListElement":[{"@type":"ListItem","position":1,"name":"Home","item":"https:\/\/mytreesapp.com\/fr\/"},{"@type":"ListItem","position":2,"name":"Contrat de licence"}]},{"@type":"WebSite","@id":"https:\/\/mytreesapp.com\/#website","url":"https:\/\/mytreesapp.com\/","name":"MyTreesApp","description":"","potentialAction":[{"@type":"SearchAction","target":{"@type":"EntryPoint","urlTemplate":"https:\/\/mytreesapp.com\/?s={search_term_string}"},"query-input":{"@type":"PropertyValueSpecification","valueRequired":true,"valueName":"search_term_string"}}],"inLanguage":"fr-FR"}]}},"_links":{"self":[{"href":"https:\/\/mytreesapp.com\/fr\/wp-json\/wp\/v2\/pages\/357","targetHints":{"allow":["GET"]}}],"collection":[{"href":"https:\/\/mytreesapp.com\/fr\/wp-json\/wp\/v2\/pages"}],"about":[{"href":"https:\/\/mytreesapp.com\/fr\/wp-json\/wp\/v2\/types\/page"}],"author":[{"embeddable":true,"href":"https:\/\/mytreesapp.com\/fr\/wp-json\/wp\/v2\/users\/2"}],"replies":[{"embeddable":true,"href":"https:\/\/mytreesapp.com\/fr\/wp-json\/wp\/v2\/comments?post=357"}],"version-history":[{"count":1,"href":"https:\/\/mytreesapp.com\/fr\/wp-json\/wp\/v2\/pages\/357\/revisions"}],"predecessor-version":[{"id":363,"href":"https:\/\/mytreesapp.com\/fr\/wp-json\/wp\/v2\/pages\/357\/revisions\/363"}],"wp:attachment":[{"href":"https:\/\/mytreesapp.com\/fr\/wp-json\/wp\/v2\/media?parent=357"}],"curies":[{"name":"wp","href":"https:\/\/api.w.org\/{rel}","templated":true}]}}