{"id":62,"date":"2025-12-22T17:37:43","date_gmt":"2025-12-22T17:37:43","guid":{"rendered":"https:\/\/mytreesapp.com\/?page_id=62"},"modified":"2026-03-18T16:19:00","modified_gmt":"2026-03-18T16:19:00","slug":"home","status":"publish","type":"page","link":"https:\/\/mytreesapp.com\/fr\/","title":{"rendered":"Home"},"content":{"rendered":"","protected":false},"excerpt":{"rendered":"","protected":false},"author":2,"featured_media":0,"parent":0,"menu_order":0,"comment_status":"closed","ping_status":"closed","template":"","meta":{"footnotes":""},"class_list":["post-62","page","type-page","status-publish","hentry"],"acf":[],"yoast_head":"<!-- This site is optimized with the Yoast SEO Premium plugin v26.8 (Yoast SEO v26.8) - https:\/\/yoast.com\/product\/yoast-seo-premium-wordpress\/ -->\n<title>Home - MyTreesApp<\/title>\n<meta name=\"robots\" content=\"index, follow, max-snippet:-1, max-image-preview:large, max-video-preview:-1\" \/>\n<link rel=\"canonical\" href=\"https:\/\/mytreesapp.com\/fr\/\" \/>\n<meta property=\"og:locale\" content=\"fr_FR\" \/>\n<meta property=\"og:type\" content=\"article\" \/>\n<meta property=\"og:title\" content=\"MyTreesApp\" \/>\n<meta property=\"og:description\" content=\"G\u00e9rez vos clients et vos arbres, cr\u00e9ez des devis et des fiches de travail, assurez le suivi des \u00e9quipements de s\u00e9curit\u00e9, effectuez des inspections d&#039;arbres avec photos et acc\u00e9dez \u00e0 des ressources sur l\u2019arboriculture et de grimpe d\u2019arbres \u2014 le tout sur une seule plateforme.\" \/>\n<meta property=\"og:url\" content=\"https:\/\/mytreesapp.com\/fr\/\" \/>\n<meta property=\"og:site_name\" content=\"MyTreesApp\" \/>\n<meta property=\"article:modified_time\" content=\"2026-03-18T16:19:00+00:00\" \/>\n<meta property=\"og:image\" content=\"https:\/\/mytreesapp.com\/wp-content\/uploads\/2026\/02\/Screenshot-2026-02-03-at-18.04.31.png\" \/>\n\t<meta property=\"og:image:width\" content=\"1347\" \/>\n\t<meta property=\"og:image:height\" content=\"718\" \/>\n\t<meta property=\"og:image:type\" content=\"image\/png\" \/>\n<meta name=\"twitter:card\" content=\"summary_large_image\" \/>\n<meta name=\"twitter:title\" content=\"Home\" \/>\n<script type=\"application\/ld+json\" class=\"yoast-schema-graph\">{\"@context\":\"https:\/\/schema.org\",\"@graph\":[{\"@type\":\"WebPage\",\"@id\":\"https:\/\/mytreesapp.com\/fr\/\",\"url\":\"https:\/\/mytreesapp.com\/fr\/\",\"name\":\"Home - MyTreesApp\",\"isPartOf\":{\"@id\":\"https:\/\/mytreesapp.com\/#website\"},\"datePublished\":\"2025-12-22T17:37:43+00:00\",\"dateModified\":\"2026-03-18T16:19:00+00:00\",\"breadcrumb\":{\"@id\":\"https:\/\/mytreesapp.com\/fr\/#breadcrumb\"},\"inLanguage\":\"fr-FR\",\"potentialAction\":[{\"@type\":\"ReadAction\",\"target\":[\"https:\/\/mytreesapp.com\/fr\/\"]}]},{\"@type\":\"BreadcrumbList\",\"@id\":\"https:\/\/mytreesapp.com\/fr\/#breadcrumb\",\"itemListElement\":[{\"@type\":\"ListItem\",\"position\":1,\"name\":\"Home\",\"item\":\"https:\/\/mytreesapp.com\/fr\/\"},{\"@type\":\"ListItem\",\"position\":2,\"name\":\"Home\"}]},{\"@type\":\"WebSite\",\"@id\":\"https:\/\/mytreesapp.com\/#website\",\"url\":\"https:\/\/mytreesapp.com\/\",\"name\":\"MyTreesApp\",\"description\":\"\",\"potentialAction\":[{\"@type\":\"SearchAction\",\"target\":{\"@type\":\"EntryPoint\",\"urlTemplate\":\"https:\/\/mytreesapp.com\/?s={search_term_string}\"},\"query-input\":{\"@type\":\"PropertyValueSpecification\",\"valueRequired\":true,\"valueName\":\"search_term_string\"}}],\"inLanguage\":\"fr-FR\"}]}<\/script>\n<!-- \/ Yoast SEO Premium plugin. -->","yoast_head_json":{"title":"Home - MyTreesApp","robots":{"index":"index","follow":"follow","max-snippet":"max-snippet:-1","max-image-preview":"max-image-preview:large","max-video-preview":"max-video-preview:-1"},"canonical":"https:\/\/mytreesapp.com\/fr\/","og_locale":"fr_FR","og_type":"article","og_title":"MyTreesApp","og_description":"G\u00e9rez vos clients et vos arbres, cr\u00e9ez des devis et des fiches de travail, assurez le suivi des \u00e9quipements de s\u00e9curit\u00e9, effectuez des inspections d'arbres avec photos et acc\u00e9dez \u00e0 des ressources sur l\u2019arboriculture et de grimpe d\u2019arbres \u2014 le tout sur une seule plateforme.","og_url":"https:\/\/mytreesapp.com\/fr\/","og_site_name":"MyTreesApp","article_modified_time":"2026-03-18T16:19:00+00:00","og_image":[{"width":1347,"height":718,"url":"https:\/\/mytreesapp.com\/wp-content\/uploads\/2026\/02\/Screenshot-2026-02-03-at-18.04.31.png","type":"image\/png"}],"twitter_card":"summary_large_image","twitter_title":"Home","schema":{"@context":"https:\/\/schema.org","@graph":[{"@type":"WebPage","@id":"https:\/\/mytreesapp.com\/fr\/","url":"https:\/\/mytreesapp.com\/fr\/","name":"Home - MyTreesApp","isPartOf":{"@id":"https:\/\/mytreesapp.com\/#website"},"datePublished":"2025-12-22T17:37:43+00:00","dateModified":"2026-03-18T16:19:00+00:00","breadcrumb":{"@id":"https:\/\/mytreesapp.com\/fr\/#breadcrumb"},"inLanguage":"fr-FR","potentialAction":[{"@type":"ReadAction","target":["https:\/\/mytreesapp.com\/fr\/"]}]},{"@type":"BreadcrumbList","@id":"https:\/\/mytreesapp.com\/fr\/#breadcrumb","itemListElement":[{"@type":"ListItem","position":1,"name":"Home","item":"https:\/\/mytreesapp.com\/fr\/"},{"@type":"ListItem","position":2,"name":"Home"}]},{"@type":"WebSite","@id":"https:\/\/mytreesapp.com\/#website","url":"https:\/\/mytreesapp.com\/","name":"MyTreesApp","description":"","potentialAction":[{"@type":"SearchAction","target":{"@type":"EntryPoint","urlTemplate":"https:\/\/mytreesapp.com\/?s={search_term_string}"},"query-input":{"@type":"PropertyValueSpecification","valueRequired":true,"valueName":"search_term_string"}}],"inLanguage":"fr-FR"}]}},"_links":{"self":[{"href":"https:\/\/mytreesapp.com\/fr\/wp-json\/wp\/v2\/pages\/62","targetHints":{"allow":["GET"]}}],"collection":[{"href":"https:\/\/mytreesapp.com\/fr\/wp-json\/wp\/v2\/pages"}],"about":[{"href":"https:\/\/mytreesapp.com\/fr\/wp-json\/wp\/v2\/types\/page"}],"author":[{"embeddable":true,"href":"https:\/\/mytreesapp.com\/fr\/wp-json\/wp\/v2\/users\/2"}],"replies":[{"embeddable":true,"href":"https:\/\/mytreesapp.com\/fr\/wp-json\/wp\/v2\/comments?post=62"}],"version-history":[{"count":9,"href":"https:\/\/mytreesapp.com\/fr\/wp-json\/wp\/v2\/pages\/62\/revisions"}],"predecessor-version":[{"id":380,"href":"https:\/\/mytreesapp.com\/fr\/wp-json\/wp\/v2\/pages\/62\/revisions\/380"}],"wp:attachment":[{"href":"https:\/\/mytreesapp.com\/fr\/wp-json\/wp\/v2\/media?parent=62"}],"curies":[{"name":"wp","href":"https:\/\/api.w.org\/{rel}","templated":true}]}}