{"id":80,"date":"2025-12-18T16:15:23","date_gmt":"2025-12-18T16:15:23","guid":{"rendered":"https:\/\/mytreesapp.com\/privacy-policy\/"},"modified":"2026-03-02T17:02:46","modified_gmt":"2026-03-02T17:02:46","slug":"privacy-policy","status":"publish","type":"page","link":"https:\/\/mytreesapp.com\/fr\/privacy-policy\/","title":{"rendered":"Politique de confidentialit\u00e9"},"content":{"rendered":"\n<p>MyTreesApp Lda (ci-apr\u00e8s MyTreesApp) exploite le site <a href=\"https:\/\/mytreesapp.com\/fr\/\">https:\/\/mytreesapp.com\/<\/a> et s\u2019engage, \u00e0 tout moment, \u00e0 prot\u00e9ger vos Donn\u00e9es Personnelles et \u00e0 se conformer aux lois applicables en mati\u00e8re de Protection des Donn\u00e9es, de Confidentialit\u00e9 et de S\u00e9curit\u00e9 de l\u2019Information, selon les termes utilis\u00e9s par le l\u00e9gislateur europ\u00e9en pour l\u2019adoption du R\u00e8glement G\u00e9n\u00e9ral sur la Protection des Donn\u00e9es (RGPD).<\/p>\n\n\n\n<p>Nous respectons et comprenons que les donn\u00e9es collect\u00e9es vous appartiennent et\/ou appartiennent \u00e0 votre entreprise, et nous reconnaissons vos droits ainsi que notre devoir en tant qu\u2019entreprise de marketing digital. Cette page vous informe de nos politiques concernant la protection et le traitement de vos Donn\u00e9es Personnelles ; nous vous recommandons donc de la consulter. Nous nous r\u00e9servons le droit de mettre \u00e0 jour les informations de cette page lorsque cela s\u2019av\u00e8re n\u00e9cessaire ; nous vous recommandons donc de la consulter r\u00e9guli\u00e8rement.<\/p>\n\n\n\n<p>La pr\u00e9sente Politique de Confidentialit\u00e9 entre en vigueur le 23 f\u00e9vrier 2026.<\/p>\n\n\n\n<h3 class=\"wp-block-heading\" id=\"h-1-collecte-de-donnees\"><strong>1. Collecte de donn\u00e9es<\/strong><\/h3>\n\n\n\n<p>Nous collectons les informations strictement n\u00e9cessaires pour vous offrir une exp\u00e9rience fluide sur notre site web et avec notre marque :<\/p>\n\n\n\n<p>\u2013 Nom<br>\u2013 Adresse e-mail<br>\u2013 Nom de la marque\/de l\u2019entreprise<br>\u2013 Cookies et Donn\u00e9es d\u2019utilisation<\/p>\n\n\n\n<h3 class=\"wp-block-heading\" id=\"h-donnees-d-utilisation\"><strong>Donn\u00e9es d\u2019utilisation<\/strong><\/h3>\n\n\n\n<p>Nous pouvons \u00e9galement collecter des informations sur la mani\u00e8re dont notre site web est consult\u00e9 et utilis\u00e9 (\u00ab Donn\u00e9es d\u2019utilisation \u00bb). Ces Donn\u00e9es d\u2019utilisation peuvent inclure des informations telles que l\u2019adresse de protocole Internet de votre ordinateur (par exemple, l\u2019adresse IP), le type de navigateur, la version du navigateur, les pages de notre site que vous consultez, la date et l\u2019heure de votre visite, le temps pass\u00e9 sur ces pages, des identifiants uniques d\u2019appareil et d\u2019autres donn\u00e9es de diagnostic.<\/p>\n\n\n\n<h3 class=\"wp-block-heading\" id=\"h-donnees-de-suivi-et-cookies\"><strong>Donn\u00e9es de suivi et cookies<\/strong><\/h3>\n\n\n\n<p>Nous utilisons des cookies et des technologies de suivi similaires pour suivre l\u2019activit\u00e9 sur notre site web et conserver certaines informations.<\/p>\n\n\n\n<p>Les cookies sont des fichiers contenant une petite quantit\u00e9 de donn\u00e9es pouvant inclure un identifiant unique anonyme. Les cookies sont envoy\u00e9s \u00e0 votre navigateur depuis un site web et stock\u00e9s sur votre appareil. Les technologies de suivi utilis\u00e9es comprennent \u00e9galement des balises, des tags et des scripts pour collecter et suivre des informations ainsi que pour am\u00e9liorer et analyser notre site web.<\/p>\n\n\n\n<p>Vous pouvez configurer votre navigateur pour refuser tous les cookies ou pour indiquer lorsqu\u2019un cookie est envoy\u00e9. Toutefois, si vous n\u2019acceptez pas les cookies, il se peut que vous ne puissiez pas utiliser certaines parties de notre site.<\/p>\n\n\n\n<h3 class=\"wp-block-heading\" id=\"h-exemples-de-cookies-que-nous-utilisons\">Exemples de cookies que nous utilisons :<\/h3>\n\n\n\n<p>\u2013 Cookies de session. Nous utilisons des cookies de session pour faire fonctionner notre site web ;<br>\u2013 Cookies de pr\u00e9f\u00e9rence. Nous utilisons des cookies de pr\u00e9f\u00e9rence pour m\u00e9moriser vos pr\u00e9f\u00e9rences et divers param\u00e8tres ;<br>\u2013 Cookies de s\u00e9curit\u00e9. Nous utilisons des cookies de s\u00e9curit\u00e9 \u00e0 des fins de s\u00e9curit\u00e9 ;<\/p>\n\n\n\n<h3 class=\"wp-block-heading\" id=\"h-vous-pouvez-egalement-trouver-des-informations-detaillees-sur-les-cookies-que-nous-utilisons-ici\">Vous pouvez \u00e9galement trouver des informations d\u00e9taill\u00e9es sur les cookies que nous utilisons ici :<\/h3>\n\n\n\n<p>Google Analytics \u2013 <a href=\"https:\/\/policies.google.com\/privacy?hl=en\">https:\/\/policies.google.com\/privacy?hl=en<\/a><br>Hubspot &#8211; <a href=\"https:\/\/legal.hubspot.com\/privacy-policy\">https:\/\/legal.hubspot.com\/privacy-policy<\/a><\/p>\n\n\n\n<p>En outre, afin de vous fournir nos services de marketing digital, nous pouvons collecter des donn\u00e9es suppl\u00e9mentaires vous concernant ou concernant votre entreprise. Ces informations sont collect\u00e9es par e-mail ou par d\u2019autres canaux de support, avec votre consentement, et sont trait\u00e9es en interne par nos sous-traitants de donn\u00e9es et utilis\u00e9es uniquement pour le projet et\/ou le service que vous demandez.<\/p>\n\n\n\n<h3 class=\"wp-block-heading\" id=\"h-2-utilisation-des-donnees\"><strong>2. Utilisation des donn\u00e9es<\/strong><\/h3>\n\n\n\n<p>MyTress App utilise les donn\u00e9es collect\u00e9es \u00e0 diverses fins :<\/p>\n\n\n\n<p>\u2013 Fournir et maintenir le site web ;<br>\u2013 Vous permettre de participer aux fonctionnalit\u00e9s interactives de notre site lorsque vous choisissez de le faire ;<br>\u2013 Fournir un service client et une assistance ;<br>\u2013 Fournir des analyses ou des informations utiles afin d\u2019am\u00e9liorer le site web ;<br>\u2013 Surveiller l\u2019utilisation du site web ;<br>\u2013 D\u00e9tecter, pr\u00e9venir et r\u00e9soudre les probl\u00e8mes techniques ;<\/p>\n\n\n\n<h3 class=\"wp-block-heading\" id=\"h-3-transfert-de-donnees\"><strong>3. Transfert de donn\u00e9es<\/strong><\/h3>\n\n\n\n<p>MyTress App garantit la confidentialit\u00e9 de vos Donn\u00e9es Personnelles collect\u00e9es sur notre site web et leur utilisation correcte telle que d\u00e9crite ci-dessus. MyTress App ne transf\u00e9rera pas vos informations \u00e0 des tiers sans votre consentement.<\/p>\n\n\n\n<p>Nous pouvons \u00eatre amen\u00e9s \u00e0 faire appel \u00e0 d\u2019autres entreprises pour des services techniques tels que l\u2019h\u00e9bergement, la maintenance, les syst\u00e8mes de gestion et autres, conform\u00e9ment \u00e0 la l\u00e9gislation relative au transfert de Donn\u00e9es Personnelles.<\/p>\n\n\n\n<p>MyTress App prendra toutes les mesures raisonnablement n\u00e9cessaires pour garantir que vos donn\u00e9es sont trait\u00e9es de mani\u00e8re s\u00e9curis\u00e9e et conform\u00e9ment \u00e0 la pr\u00e9sente Politique de Confidentialit\u00e9, et aucun transfert de vos Donn\u00e9es Personnelles n\u2019aura lieu vers une organisation ou un pays sans que des contr\u00f4les ad\u00e9quats soient en place, y compris la s\u00e9curit\u00e9 de vos donn\u00e9es et autres informations personnelles.<\/p>\n\n\n\n<h3 class=\"wp-block-heading\" id=\"h-4-divulgation-des-donnees\"><strong>4. Divulgation des donn\u00e9es<\/strong><\/h3>\n\n\n\n<p>MyTreesApp peut divulguer vos Donn\u00e9es Personnelles si elle estime de bonne foi qu\u2019une telle action est n\u00e9cessaire pour :<\/p>\n\n\n\n<p>\u2013 Se conformer \u00e0 une obligation l\u00e9gale ;<br>\u2013 Prot\u00e9ger et d\u00e9fendre les droits ou les biens de MyTreesApp ;<br>\u2013 Pr\u00e9venir ou enqu\u00eater sur d\u2019\u00e9ventuels actes r\u00e9pr\u00e9hensibles li\u00e9s au site web ;<br>\u2013 Prot\u00e9ger la s\u00e9curit\u00e9 personnelle des utilisateurs du site web ou du public ;<br>\u2013 Se pr\u00e9munir contre toute responsabilit\u00e9 l\u00e9gale ;<\/p>\n\n\n\n<h3 class=\"wp-block-heading\" id=\"h-5-securite-des-donnees\"><strong>5. S\u00e9curit\u00e9 des donn\u00e9es<\/strong><\/h3>\n\n\n\n<p>Nous utiliserons nos mesures de s\u00e9curit\u00e9 internes et techniques pour prot\u00e9ger l\u2019int\u00e9grit\u00e9 du stockage, du traitement et du transfert de votre contenu contre tout acc\u00e8s, utilisation ou traitement non autoris\u00e9 ou ill\u00e9gal.<\/p>\n\n\n\n<p>Si vous souhaitez, \u00e0 tout moment, demander la suppression de vos informations personnelles, la portabilit\u00e9 des donn\u00e9es ou vous opposer au traitement de vos informations personnelles, vous pouvez le faire en nous envoyant un e-mail (coordonn\u00e9es ci-dessous).<\/p>\n\n\n\n<p>La s\u00e9curit\u00e9 de vos donn\u00e9es est importante pour nous, mais nous soulignons qu\u2019aucune m\u00e9thode de transmission sur Internet ni aucune m\u00e9thode de stockage \u00e9lectronique n\u2019est s\u00fbre \u00e0 100 %. Bien que nous nous efforcions d\u2019utiliser des moyens commercialement acceptables pour prot\u00e9ger vos Donn\u00e9es Personnelles, nous ne pouvons pas garantir leur s\u00e9curit\u00e9 absolue.<\/p>\n\n\n\n<h3 class=\"wp-block-heading\" id=\"h-6-prestataires-de-services\"><strong>6. Prestataires de services<\/strong><\/h3>\n\n\n\n<p>Nous pouvons faire appel \u00e0 des soci\u00e9t\u00e9s ou \u00e0 des personnes tierces pour participer \u00e0 la maintenance de notre site web (\u00ab Prestataires de services \u00bb), pour fournir et g\u00e9rer le site web en notre nom, pour effectuer des services li\u00e9s au site web, pour nous aider \u00e0 communiquer avec vous concernant nos services, ou pour nous aider \u00e0 analyser la mani\u00e8re dont notre site est utilis\u00e9.<\/p>\n\n\n\n<p>Ces tiers ont acc\u00e8s \u00e0 vos Donn\u00e9es Personnelles uniquement pour effectuer des t\u00e2ches sp\u00e9cifiques en notre nom et sont tenus de ne pas les divulguer ni les utiliser \u00e0 d\u2019autres fins.<\/p>\n\n\n\n<h3 class=\"wp-block-heading\" id=\"h-nous-utilisons-les-prestataires-de-services-tiers-suivants-sur-notre-site-web\">Nous utilisons les Prestataires de services tiers suivants sur notre site web :<\/h3>\n\n\n\n<p>Google Analytics<\/p>\n\n\n\n<p>Google Analytics est un service d\u2019analyse web fourni par Google qui suit et rapporte le trafic du site web. Google utilise les donn\u00e9es collect\u00e9es pour suivre et surveiller l\u2019utilisation de notre Service. Ces donn\u00e9es sont partag\u00e9es avec d\u2019autres services Google. Google peut utiliser les donn\u00e9es collect\u00e9es pour contextualiser et personnaliser les annonces de son propre r\u00e9seau publicitaire.<\/p>\n\n\n\n<p>Vous pouvez refuser que votre activit\u00e9 sur le Service soit mise \u00e0 la disposition de Google Analytics en installant le module compl\u00e9mentaire de navigateur pour la d\u00e9sactivation de Google Analytics. Ce module emp\u00eache le JavaScript de Google Analytics (ga.js, analytics.js et dc.js) de partager des informations avec Google Analytics concernant l\u2019activit\u00e9 des visites.<\/p>\n\n\n\n<p>Pour plus d\u2019informations sur les pratiques de confidentialit\u00e9 de Google, veuillez consulter la page Confidentialit\u00e9 et Conditions de Google : <a href=\"https:\/\/policies.google.com\/privacy?hl=en\">https:\/\/policies.google.com\/privacy?hl=en<\/a><\/p>\n\n\n\n<h3 class=\"wp-block-heading\" id=\"h-7-liens-vers-d-autres-sites\"><strong>7. Liens vers d\u2019autres sites<\/strong><\/h3>\n\n\n\n<p>Notre Service peut contenir des liens vers d\u2019autres sites qui ne sont pas exploit\u00e9s par nous. Si vous cliquez sur un lien tiers, vous serez redirig\u00e9 vers le site de ce tiers. Nous vous conseillons vivement de consulter la Politique de Confidentialit\u00e9 de chaque site que vous visitez. Nous n\u2019avons aucun contr\u00f4le sur le contenu, les politiques de confidentialit\u00e9 ou les pratiques des sites ou services tiers et n\u2019assumons aucune responsabilit\u00e9 \u00e0 cet \u00e9gard.<\/p>\n\n\n\n<h3 class=\"wp-block-heading\" id=\"h-8-droits-des-utilisateurs\"><strong>8. Droits des utilisateurs<\/strong><\/h3>\n\n\n\n<p>Conform\u00e9ment \u00e0 la l\u00e9gislation, selon les termes utilis\u00e9s par le l\u00e9gislateur europ\u00e9en pour l\u2019adoption du R\u00e8glement G\u00e9n\u00e9ral sur la Protection des Donn\u00e9es (RGPD), l\u2019utilisateur a le droit de :<\/p>\n\n\n\n<p>\u2013 Demander l\u2019acc\u00e8s \u00e0 ses Donn\u00e9es Personnelles aupr\u00e8s de l\u2019entit\u00e9 responsable du traitement ;<br>\u2013 Recevoir une copie des Donn\u00e9es Personnelles stock\u00e9es ainsi que les transmettre \u00e0 une autre entit\u00e9 (\u00ab principe de portabilit\u00e9 \u00bb) ;<br>\u2013 S\u2019opposer au traitement de ses Donn\u00e9es Personnelles ;<br>\u2013 Rectifier, limiter ou effacer ses Donn\u00e9es Personnelles (\u00ab droit \u00e0 l\u2019oubli \u00bb) ;<br>\u2013 Retirer son consentement \u00e0 tout moment ;<br>\u2013 \u00catre inform\u00e9 sans retard injustifi\u00e9, dans un d\u00e9lai de 72 heures, en cas de violation de donn\u00e9es susceptible d\u2019entra\u00eener un risque grave pour ses droits ;<br>\u2013 Introduire une r\u00e9clamation aupr\u00e8s des autorit\u00e9s comp\u00e9tentes ;<\/p>\n\n\n\n<h3 class=\"wp-block-heading\" id=\"h-exercice-des-droits-des-utilisateurs\"><strong>Exercice des droits des utilisateurs<\/strong><\/h3>\n\n\n\n<p>Afin d\u2019exercer l\u2019un des droits mentionn\u00e9s, vous devez nous contacter par e-mail ou par courrier. \u00c0 cet effet, le titulaire des Donn\u00e9es Personnelles doit signer le message et joindre une copie d\u2019un document d\u2019identification l\u00e9gal.<\/p>\n\n\n\n<p>Vous pouvez nous contacter aux adresses indiqu\u00e9es \u00e0 la fin de ce document.<\/p>\n\n\n\n<h3 class=\"wp-block-heading\" id=\"h-9-modifications-de-la-politique\"><strong>9. Modifications de la politique<\/strong><\/h3>\n\n\n\n<p>Compte tenu de l\u2019\u00e9volution des circonstances et des exigences l\u00e9gales, ainsi que de l\u2019am\u00e9lioration progressive de la qualit\u00e9 de notre service, nous signalons que cette politique est susceptible de modifications dont nous pourrions ne pas avoir la possibilit\u00e9 de vous informer pr\u00e9alablement.<\/p>\n\n\n\n<p>La pr\u00e9sente Politique de Confidentialit\u00e9 a \u00e9t\u00e9 mise \u00e0 jour pour la derni\u00e8re fois le 23 f\u00e9vrier 2026.<\/p>\n\n\n\n<h3 class=\"wp-block-heading\" id=\"h-10-responsabilite-et-contacts\">10.Responsabilit\u00e9 et contacts<\/h3>\n\n\n\n<p id=\"h-10-responsabilite-et-contacts-vos-donnees-sont-collectees-et-traitees-par-mytreesapp-lda-dont-le-siege-social-est-situe-a-avenida-antonio-augusto-de-aguiar-n-24-1-esq-avenidas-novas-1050-016-lisboa-personne-morale-n-517727498-enregistree-a-4227-odivelas-sous-le-meme-numero-si-vous-avez-des-questions-concernant-la-maniere-dont-nous-traitons-et-protegeons-vos-donnees-vous-pouvez-nous-contacter-par-e-mail-a-info-mytreesapp-com\"><br>Vos donn\u00e9es sont collect\u00e9es et trait\u00e9es par <strong>MYTREESAPP LDA<\/strong>, dont le si\u00e8ge social est situ\u00e9 \u00e0 <strong>AVENIDA ANT\u00d3NIO AUGUSTO DE AGUIAR N 24 1 ESQ, AVENIDAS NOVAS, 1050-016 LISBOA,<\/strong> personne morale <strong>n\u00b0 517727498, enregistr\u00e9e \u00e0 4227 &#8211; ODIVELAS sous le m\u00eame num\u00e9ro.<\/strong><br>Si vous avez des questions concernant la mani\u00e8re dont nous traitons et prot\u00e9geons vos donn\u00e9es, vous pouvez nous contacter par e-mail \u00e0 <a>info@mytreesapp.com<\/a>.<\/p>\n\n\n\n<p>Si vous avez des questions concernant la mani\u00e8re dont nous traitons et prot\u00e9geons vos donn\u00e9es, vous pouvez nous contacter \u00e0 l\u2019adresse e-mail <a>info@mytreesapp.com<\/a>.<\/p>\n","protected":false},"excerpt":{"rendered":"<p>MyTreesApp Lda (ci-apr\u00e8s MyTreesApp) exploite le site https:\/\/mytreesapp.com\/ et s\u2019engage, \u00e0 tout moment, \u00e0 prot\u00e9ger vos Donn\u00e9es Personnelles et \u00e0 se conformer aux lois applicables en mati\u00e8re de Protection des Donn\u00e9es, de Confidentialit\u00e9 et de S\u00e9curit\u00e9 de l\u2019Information, selon les termes utilis\u00e9s par le l\u00e9gislateur europ\u00e9en pour l\u2019adoption du R\u00e8glement G\u00e9n\u00e9ral sur la Protection des [&hellip;]<\/p>\n","protected":false},"author":2,"featured_media":0,"parent":0,"menu_order":0,"comment_status":"closed","ping_status":"open","template":"","meta":{"footnotes":""},"class_list":["post-80","page","type-page","status-publish","hentry"],"acf":[],"yoast_head":"<!-- This site is optimized with the Yoast SEO Premium plugin v26.8 (Yoast SEO v26.8) - https:\/\/yoast.com\/product\/yoast-seo-premium-wordpress\/ -->\n<title>Politique de confidentialit\u00e9 - MyTreesApp<\/title>\n<meta name=\"robots\" content=\"index, follow, max-snippet:-1, max-image-preview:large, max-video-preview:-1\" \/>\n<link rel=\"canonical\" href=\"https:\/\/mytreesapp.com\/fr\/privacy-policy\/\" \/>\n<meta property=\"og:locale\" content=\"fr_FR\" \/>\n<meta property=\"og:type\" content=\"article\" \/>\n<meta property=\"og:title\" content=\"Politique de confidentialit\u00e9\" \/>\n<meta property=\"og:description\" content=\"MyTreesApp Lda (ci-apr\u00e8s MyTreesApp) exploite le site https:\/\/mytreesapp.com\/ et s\u2019engage, \u00e0 tout moment, \u00e0 prot\u00e9ger vos Donn\u00e9es Personnelles et \u00e0 se conformer aux lois applicables en mati\u00e8re de Protection des Donn\u00e9es, de Confidentialit\u00e9 et de S\u00e9curit\u00e9 de l\u2019Information, selon les termes utilis\u00e9s par le l\u00e9gislateur europ\u00e9en pour l\u2019adoption du R\u00e8glement G\u00e9n\u00e9ral sur la Protection des [&hellip;]\" \/>\n<meta property=\"og:url\" content=\"https:\/\/mytreesapp.com\/fr\/privacy-policy\/\" \/>\n<meta property=\"og:site_name\" content=\"MyTreesApp\" \/>\n<meta property=\"article:modified_time\" content=\"2026-03-02T17:02:46+00:00\" \/>\n<meta property=\"og:image\" content=\"https:\/\/mytreesapp.com\/wp-content\/uploads\/2026\/02\/Screenshot-2026-02-03-at-18.04.31.png\" \/>\n\t<meta property=\"og:image:width\" content=\"1347\" \/>\n\t<meta property=\"og:image:height\" content=\"718\" \/>\n\t<meta property=\"og:image:type\" content=\"image\/png\" \/>\n<meta name=\"twitter:card\" content=\"summary_large_image\" \/>\n<meta name=\"twitter:label1\" content=\"Dur\u00e9e de lecture estim\u00e9e\" \/>\n\t<meta name=\"twitter:data1\" content=\"7 minutes\" \/>\n<script type=\"application\/ld+json\" class=\"yoast-schema-graph\">{\"@context\":\"https:\/\/schema.org\",\"@graph\":[{\"@type\":\"WebPage\",\"@id\":\"https:\/\/mytreesapp.com\/fr\/privacy-policy\/\",\"url\":\"https:\/\/mytreesapp.com\/fr\/privacy-policy\/\",\"name\":\"Politique de confidentialit\u00e9 - MyTreesApp\",\"isPartOf\":{\"@id\":\"https:\/\/mytreesapp.com\/#website\"},\"datePublished\":\"2025-12-18T16:15:23+00:00\",\"dateModified\":\"2026-03-02T17:02:46+00:00\",\"breadcrumb\":{\"@id\":\"https:\/\/mytreesapp.com\/fr\/privacy-policy\/#breadcrumb\"},\"inLanguage\":\"fr-FR\",\"potentialAction\":[{\"@type\":\"ReadAction\",\"target\":[\"https:\/\/mytreesapp.com\/fr\/privacy-policy\/\"]}]},{\"@type\":\"BreadcrumbList\",\"@id\":\"https:\/\/mytreesapp.com\/fr\/privacy-policy\/#breadcrumb\",\"itemListElement\":[{\"@type\":\"ListItem\",\"position\":1,\"name\":\"Home\",\"item\":\"https:\/\/mytreesapp.com\/fr\/\"},{\"@type\":\"ListItem\",\"position\":2,\"name\":\"Politique de confidentialit\u00e9\"}]},{\"@type\":\"WebSite\",\"@id\":\"https:\/\/mytreesapp.com\/#website\",\"url\":\"https:\/\/mytreesapp.com\/\",\"name\":\"MyTreesApp\",\"description\":\"\",\"potentialAction\":[{\"@type\":\"SearchAction\",\"target\":{\"@type\":\"EntryPoint\",\"urlTemplate\":\"https:\/\/mytreesapp.com\/?s={search_term_string}\"},\"query-input\":{\"@type\":\"PropertyValueSpecification\",\"valueRequired\":true,\"valueName\":\"search_term_string\"}}],\"inLanguage\":\"fr-FR\"}]}<\/script>\n<!-- \/ Yoast SEO Premium plugin. -->","yoast_head_json":{"title":"Politique de confidentialit\u00e9 - MyTreesApp","robots":{"index":"index","follow":"follow","max-snippet":"max-snippet:-1","max-image-preview":"max-image-preview:large","max-video-preview":"max-video-preview:-1"},"canonical":"https:\/\/mytreesapp.com\/fr\/privacy-policy\/","og_locale":"fr_FR","og_type":"article","og_title":"Politique de confidentialit\u00e9","og_description":"MyTreesApp Lda (ci-apr\u00e8s MyTreesApp) exploite le site https:\/\/mytreesapp.com\/ et s\u2019engage, \u00e0 tout moment, \u00e0 prot\u00e9ger vos Donn\u00e9es Personnelles et \u00e0 se conformer aux lois applicables en mati\u00e8re de Protection des Donn\u00e9es, de Confidentialit\u00e9 et de S\u00e9curit\u00e9 de l\u2019Information, selon les termes utilis\u00e9s par le l\u00e9gislateur europ\u00e9en pour l\u2019adoption du R\u00e8glement G\u00e9n\u00e9ral sur la Protection des [&hellip;]","og_url":"https:\/\/mytreesapp.com\/fr\/privacy-policy\/","og_site_name":"MyTreesApp","article_modified_time":"2026-03-02T17:02:46+00:00","og_image":[{"width":1347,"height":718,"url":"https:\/\/mytreesapp.com\/wp-content\/uploads\/2026\/02\/Screenshot-2026-02-03-at-18.04.31.png","type":"image\/png"}],"twitter_card":"summary_large_image","twitter_misc":{"Dur\u00e9e de lecture estim\u00e9e":"7 minutes"},"schema":{"@context":"https:\/\/schema.org","@graph":[{"@type":"WebPage","@id":"https:\/\/mytreesapp.com\/fr\/privacy-policy\/","url":"https:\/\/mytreesapp.com\/fr\/privacy-policy\/","name":"Politique de confidentialit\u00e9 - MyTreesApp","isPartOf":{"@id":"https:\/\/mytreesapp.com\/#website"},"datePublished":"2025-12-18T16:15:23+00:00","dateModified":"2026-03-02T17:02:46+00:00","breadcrumb":{"@id":"https:\/\/mytreesapp.com\/fr\/privacy-policy\/#breadcrumb"},"inLanguage":"fr-FR","potentialAction":[{"@type":"ReadAction","target":["https:\/\/mytreesapp.com\/fr\/privacy-policy\/"]}]},{"@type":"BreadcrumbList","@id":"https:\/\/mytreesapp.com\/fr\/privacy-policy\/#breadcrumb","itemListElement":[{"@type":"ListItem","position":1,"name":"Home","item":"https:\/\/mytreesapp.com\/fr\/"},{"@type":"ListItem","position":2,"name":"Politique de confidentialit\u00e9"}]},{"@type":"WebSite","@id":"https:\/\/mytreesapp.com\/#website","url":"https:\/\/mytreesapp.com\/","name":"MyTreesApp","description":"","potentialAction":[{"@type":"SearchAction","target":{"@type":"EntryPoint","urlTemplate":"https:\/\/mytreesapp.com\/?s={search_term_string}"},"query-input":{"@type":"PropertyValueSpecification","valueRequired":true,"valueName":"search_term_string"}}],"inLanguage":"fr-FR"}]}},"_links":{"self":[{"href":"https:\/\/mytreesapp.com\/fr\/wp-json\/wp\/v2\/pages\/80","targetHints":{"allow":["GET"]}}],"collection":[{"href":"https:\/\/mytreesapp.com\/fr\/wp-json\/wp\/v2\/pages"}],"about":[{"href":"https:\/\/mytreesapp.com\/fr\/wp-json\/wp\/v2\/types\/page"}],"author":[{"embeddable":true,"href":"https:\/\/mytreesapp.com\/fr\/wp-json\/wp\/v2\/users\/2"}],"replies":[{"embeddable":true,"href":"https:\/\/mytreesapp.com\/fr\/wp-json\/wp\/v2\/comments?post=80"}],"version-history":[{"count":4,"href":"https:\/\/mytreesapp.com\/fr\/wp-json\/wp\/v2\/pages\/80\/revisions"}],"predecessor-version":[{"id":341,"href":"https:\/\/mytreesapp.com\/fr\/wp-json\/wp\/v2\/pages\/80\/revisions\/341"}],"wp:attachment":[{"href":"https:\/\/mytreesapp.com\/fr\/wp-json\/wp\/v2\/media?parent=80"}],"curies":[{"name":"wp","href":"https:\/\/api.w.org\/{rel}","templated":true}]}}