{"id":86,"date":"2025-12-23T15:56:51","date_gmt":"2025-12-23T15:56:51","guid":{"rendered":"https:\/\/mytreesapp.com\/license-agreement\/"},"modified":"2026-03-02T17:26:53","modified_gmt":"2026-03-02T17:26:53","slug":"terms-and-conditions","status":"publish","type":"page","link":"https:\/\/mytreesapp.com\/fr\/terms-and-conditions\/","title":{"rendered":"Terms and Conditions"},"content":{"rendered":"\n<h3 class=\"wp-block-heading\" id=\"h-by-submitting-the-contact-form-on-the-https-mytreesapp-com-website-the-user-agrees-to-the-following-terms-and-conditions\">By submitting the contact form on the <a href=\"https:\/\/mytreesapp.com\/fr\/\">https:\/\/mytreesapp.com\/<\/a> website, the user agrees to the following Terms and Conditions:<\/h3>\n\n\n\n<ol class=\"wp-block-list\">\n<li>Collecte de donn\u00e9es personnelles<br>Les donn\u00e9es fournies dans le formulaire, telles que le nom, l\u2019e-mail et d\u2019autres informations personnelles, seront utilis\u00e9es exclusivement pour r\u00e9pondre \u00e0 la demande de contact ou fournir des informations relatives aux services de MyTreesApp.<\/li>\n\n\n\n<li>Protection des donn\u00e9es<br>Nous garantissons la confidentialit\u00e9 des donn\u00e9es personnelles collect\u00e9es, qui seront trait\u00e9es conform\u00e9ment au R\u00e8glement g\u00e9n\u00e9ral sur la protection des donn\u00e9es (RGPD) et \u00e0 toute autre l\u00e9gislation applicable.<\/li>\n\n\n\n<li>Partage des donn\u00e9es<br>Les donn\u00e9es fournies ne seront pas partag\u00e9es avec des tiers, sauf lorsque cela est n\u00e9cessaire pour respecter des obligations l\u00e9gales ou fournir le service demand\u00e9.<\/li>\n\n\n\n<li>Droits de l\u2019utilisateur<br>L\u2019utilisateur a le droit d\u2019acc\u00e9der, de corriger, de mettre \u00e0 jour ou de supprimer ses donn\u00e9es personnelles. Pour exercer ces droits, vous pouvez nous contacter \u00e0 : <a>info@mytreesapp.com<\/a>.<\/li>\n\n\n\n<li>Consentement<br>En soumettant le formulaire, l\u2019utilisateur d\u00e9clare avoir fourni ses donn\u00e9es volontairement et donne son consentement pour leur traitement conform\u00e9ment \u00e0 ces Conditions g\u00e9n\u00e9rales.<\/li>\n\n\n\n<li>Modifications des Conditions g\u00e9n\u00e9rales<br>MyTreesApp se r\u00e9serve le droit de mettre \u00e0 jour les Conditions g\u00e9n\u00e9rales \u00e0 tout moment, les modifications \u00e9tant publi\u00e9es sur le site web.<\/li>\n<\/ol>\n\n\n\n<h3 class=\"wp-block-heading\" id=\"h-si-vous-avez-des-questions-ou-des-preoccupations-concernant-la-maniere-dont-nous-traitons-vos-donnees-veuillez-nous-contacter\">Si vous avez des questions ou des pr\u00e9occupations concernant la mani\u00e8re dont nous traitons vos donn\u00e9es, veuillez nous contacter.<\/h3>\n","protected":false},"excerpt":{"rendered":"<p>By submitting the contact form on the https:\/\/mytreesapp.com\/ website, the user agrees to the following Terms and Conditions: Si vous avez des questions ou des pr\u00e9occupations concernant la mani\u00e8re dont nous traitons vos donn\u00e9es, veuillez nous contacter.<\/p>\n","protected":false},"author":2,"featured_media":0,"parent":0,"menu_order":0,"comment_status":"closed","ping_status":"closed","template":"","meta":{"footnotes":""},"class_list":["post-86","page","type-page","status-publish","hentry"],"acf":[],"yoast_head":"<!-- This site is optimized with the Yoast SEO Premium plugin v26.8 (Yoast SEO v26.8) - https:\/\/yoast.com\/product\/yoast-seo-premium-wordpress\/ -->\n<title>Terms and Conditions - MyTreesApp<\/title>\n<meta name=\"robots\" content=\"index, follow, max-snippet:-1, max-image-preview:large, max-video-preview:-1\" \/>\n<link rel=\"canonical\" href=\"https:\/\/mytreesapp.com\/fr\/terms-and-conditions\/\" \/>\n<meta property=\"og:locale\" content=\"fr_FR\" \/>\n<meta property=\"og:type\" content=\"article\" \/>\n<meta property=\"og:title\" content=\"Terms and Conditions\" \/>\n<meta property=\"og:description\" content=\"By submitting the contact form on the https:\/\/mytreesapp.com\/ website, the user agrees to the following Terms and Conditions: Si vous avez des questions ou des pr\u00e9occupations concernant la mani\u00e8re dont nous traitons vos donn\u00e9es, veuillez nous contacter.\" \/>\n<meta property=\"og:url\" content=\"https:\/\/mytreesapp.com\/fr\/terms-and-conditions\/\" \/>\n<meta property=\"og:site_name\" content=\"MyTreesApp\" \/>\n<meta property=\"article:modified_time\" content=\"2026-03-02T17:26:53+00:00\" \/>\n<meta property=\"og:image\" content=\"https:\/\/mytreesapp.com\/wp-content\/uploads\/2026\/02\/Screenshot-2026-02-03-at-18.04.31.png\" \/>\n\t<meta property=\"og:image:width\" content=\"1347\" \/>\n\t<meta property=\"og:image:height\" content=\"718\" \/>\n\t<meta property=\"og:image:type\" content=\"image\/png\" \/>\n<meta name=\"twitter:card\" content=\"summary_large_image\" \/>\n<meta name=\"twitter:label1\" content=\"Dur\u00e9e de lecture estim\u00e9e\" \/>\n\t<meta name=\"twitter:data1\" content=\"1 minute\" \/>\n<script type=\"application\/ld+json\" class=\"yoast-schema-graph\">{\"@context\":\"https:\/\/schema.org\",\"@graph\":[{\"@type\":\"WebPage\",\"@id\":\"https:\/\/mytreesapp.com\/fr\/terms-and-conditions\/\",\"url\":\"https:\/\/mytreesapp.com\/fr\/terms-and-conditions\/\",\"name\":\"Terms and Conditions - MyTreesApp\",\"isPartOf\":{\"@id\":\"https:\/\/mytreesapp.com\/#website\"},\"datePublished\":\"2025-12-23T15:56:51+00:00\",\"dateModified\":\"2026-03-02T17:26:53+00:00\",\"breadcrumb\":{\"@id\":\"https:\/\/mytreesapp.com\/fr\/terms-and-conditions\/#breadcrumb\"},\"inLanguage\":\"fr-FR\",\"potentialAction\":[{\"@type\":\"ReadAction\",\"target\":[\"https:\/\/mytreesapp.com\/fr\/terms-and-conditions\/\"]}]},{\"@type\":\"BreadcrumbList\",\"@id\":\"https:\/\/mytreesapp.com\/fr\/terms-and-conditions\/#breadcrumb\",\"itemListElement\":[{\"@type\":\"ListItem\",\"position\":1,\"name\":\"Home\",\"item\":\"https:\/\/mytreesapp.com\/fr\/\"},{\"@type\":\"ListItem\",\"position\":2,\"name\":\"Terms and Conditions\"}]},{\"@type\":\"WebSite\",\"@id\":\"https:\/\/mytreesapp.com\/#website\",\"url\":\"https:\/\/mytreesapp.com\/\",\"name\":\"MyTreesApp\",\"description\":\"\",\"potentialAction\":[{\"@type\":\"SearchAction\",\"target\":{\"@type\":\"EntryPoint\",\"urlTemplate\":\"https:\/\/mytreesapp.com\/?s={search_term_string}\"},\"query-input\":{\"@type\":\"PropertyValueSpecification\",\"valueRequired\":true,\"valueName\":\"search_term_string\"}}],\"inLanguage\":\"fr-FR\"}]}<\/script>\n<!-- \/ Yoast SEO Premium plugin. -->","yoast_head_json":{"title":"Terms and Conditions - MyTreesApp","robots":{"index":"index","follow":"follow","max-snippet":"max-snippet:-1","max-image-preview":"max-image-preview:large","max-video-preview":"max-video-preview:-1"},"canonical":"https:\/\/mytreesapp.com\/fr\/terms-and-conditions\/","og_locale":"fr_FR","og_type":"article","og_title":"Terms and Conditions","og_description":"By submitting the contact form on the https:\/\/mytreesapp.com\/ website, the user agrees to the following Terms and Conditions: Si vous avez des questions ou des pr\u00e9occupations concernant la mani\u00e8re dont nous traitons vos donn\u00e9es, veuillez nous contacter.","og_url":"https:\/\/mytreesapp.com\/fr\/terms-and-conditions\/","og_site_name":"MyTreesApp","article_modified_time":"2026-03-02T17:26:53+00:00","og_image":[{"width":1347,"height":718,"url":"https:\/\/mytreesapp.com\/wp-content\/uploads\/2026\/02\/Screenshot-2026-02-03-at-18.04.31.png","type":"image\/png"}],"twitter_card":"summary_large_image","twitter_misc":{"Dur\u00e9e de lecture estim\u00e9e":"1 minute"},"schema":{"@context":"https:\/\/schema.org","@graph":[{"@type":"WebPage","@id":"https:\/\/mytreesapp.com\/fr\/terms-and-conditions\/","url":"https:\/\/mytreesapp.com\/fr\/terms-and-conditions\/","name":"Terms and Conditions - MyTreesApp","isPartOf":{"@id":"https:\/\/mytreesapp.com\/#website"},"datePublished":"2025-12-23T15:56:51+00:00","dateModified":"2026-03-02T17:26:53+00:00","breadcrumb":{"@id":"https:\/\/mytreesapp.com\/fr\/terms-and-conditions\/#breadcrumb"},"inLanguage":"fr-FR","potentialAction":[{"@type":"ReadAction","target":["https:\/\/mytreesapp.com\/fr\/terms-and-conditions\/"]}]},{"@type":"BreadcrumbList","@id":"https:\/\/mytreesapp.com\/fr\/terms-and-conditions\/#breadcrumb","itemListElement":[{"@type":"ListItem","position":1,"name":"Home","item":"https:\/\/mytreesapp.com\/fr\/"},{"@type":"ListItem","position":2,"name":"Terms and Conditions"}]},{"@type":"WebSite","@id":"https:\/\/mytreesapp.com\/#website","url":"https:\/\/mytreesapp.com\/","name":"MyTreesApp","description":"","potentialAction":[{"@type":"SearchAction","target":{"@type":"EntryPoint","urlTemplate":"https:\/\/mytreesapp.com\/?s={search_term_string}"},"query-input":{"@type":"PropertyValueSpecification","valueRequired":true,"valueName":"search_term_string"}}],"inLanguage":"fr-FR"}]}},"_links":{"self":[{"href":"https:\/\/mytreesapp.com\/fr\/wp-json\/wp\/v2\/pages\/86","targetHints":{"allow":["GET"]}}],"collection":[{"href":"https:\/\/mytreesapp.com\/fr\/wp-json\/wp\/v2\/pages"}],"about":[{"href":"https:\/\/mytreesapp.com\/fr\/wp-json\/wp\/v2\/types\/page"}],"author":[{"embeddable":true,"href":"https:\/\/mytreesapp.com\/fr\/wp-json\/wp\/v2\/users\/2"}],"replies":[{"embeddable":true,"href":"https:\/\/mytreesapp.com\/fr\/wp-json\/wp\/v2\/comments?post=86"}],"version-history":[{"count":8,"href":"https:\/\/mytreesapp.com\/fr\/wp-json\/wp\/v2\/pages\/86\/revisions"}],"predecessor-version":[{"id":347,"href":"https:\/\/mytreesapp.com\/fr\/wp-json\/wp\/v2\/pages\/86\/revisions\/347"}],"wp:attachment":[{"href":"https:\/\/mytreesapp.com\/fr\/wp-json\/wp\/v2\/media?parent=86"}],"curies":[{"name":"wp","href":"https:\/\/api.w.org\/{rel}","templated":true}]}}