{"id":82,"date":"2025-12-18T16:15:23","date_gmt":"2025-12-18T16:15:23","guid":{"rendered":"https:\/\/mytreesapp.com\/privacy-policy\/"},"modified":"2026-03-02T17:07:05","modified_gmt":"2026-03-02T17:07:05","slug":"privacy-policy","status":"publish","type":"page","link":"https:\/\/mytreesapp.com\/it\/privacy-policy\/","title":{"rendered":"Informativa sulla Privacy"},"content":{"rendered":"\n<p>MyTreesApp Lda (di seguito MyTreesApp) gestisce il sito <a href=\"https:\/\/mytreesapp.com\/it\/\">https:\/\/mytreesapp.com\/<\/a> e si impegna, in ogni momento, a proteggere i vostri Dati Personali e a rispettare le leggi applicabili in materia di Protezione dei Dati, Privacy e Sicurezza delle Informazioni, secondo i termini utilizzati dal legislatore europeo per l\u2019adozione del Regolamento Generale sulla Protezione dei Dati (GDPR).<\/p>\n\n\n\n<p>Rispettiamo e comprendiamo che i dati raccolti appartengono a voi e\/o alla vostra azienda e riconosciamo i vostri diritti e il nostro dovere in quanto societ\u00e0 di marketing digitale. Questa pagina vi informa sulle nostre politiche relative alla protezione e al trattamento dei vostri Dati Personali; vi consigliamo pertanto di consultarla. Ci riserviamo il diritto di aggiornare le informazioni contenute in questa pagina ogniqualvolta ci\u00f2 si renda necessario; vi consigliamo quindi di consultarla regolarmente.<\/p>\n\n\n\n<p>La presente Informativa sulla Privacy entra in vigore il 23 febbraio 2026.<\/p>\n\n\n\n<h3 class=\"wp-block-heading\" id=\"h-1-raccolta-dei-dati\"><strong>1. Raccolta dei dati<\/strong><\/h3>\n\n\n\n<p>Raccogliamo le informazioni strettamente necessarie per offrirvi un\u2019esperienza fluida sul nostro sito web e con il nostro marchio:<\/p>\n\n\n\n<p>\u2013 Nome<br>\u2013 Indirizzo e-mail<br>\u2013 Nome del marchio\/azienda<br>\u2013 Cookie e Dati di utilizzo<\/p>\n\n\n\n<h3 class=\"wp-block-heading\" id=\"h-dati-di-utilizzo\"><strong>Dati di utilizzo<\/strong><\/h3>\n\n\n\n<p>Potremmo inoltre raccogliere informazioni su come il nostro sito web viene accesso e utilizzato (\u201cDati di utilizzo\u201d). Tali Dati di utilizzo possono includere informazioni come l\u2019indirizzo del protocollo Internet del vostro computer (ad esempio indirizzo IP), il tipo di browser, la versione del browser, le pagine del nostro sito web che visitate, la data e l\u2019ora della visita, il tempo trascorso su tali pagine, identificatori univoci del dispositivo e altri dati diagnostici.<\/p>\n\n\n\n<h3 class=\"wp-block-heading\" id=\"h-dati-di-tracciamento-e-cookie\"><strong>Dati di tracciamento e cookie<\/strong><\/h3>\n\n\n\n<p>Utilizziamo cookie e tecnologie di tracciamento simili per monitorare l\u2019attivit\u00e0 sul nostro sito web e conservare determinate informazioni.<\/p>\n\n\n\n<p>I cookie sono file contenenti una piccola quantit\u00e0 di dati che possono includere un identificatore univoco anonimo. I cookie vengono inviati al vostro browser da un sito web e memorizzati sul vostro dispositivo. Le tecnologie di tracciamento utilizzate includono anche beacon, tag e script per raccogliere e tracciare informazioni e per migliorare e analizzare il nostro sito web.<\/p>\n\n\n\n<p>Potete configurare il vostro browser per rifiutare tutti i cookie o per indicare quando viene inviato un cookie. Tuttavia, se non accettate i cookie, potreste non essere in grado di utilizzare alcune parti del nostro sito web.<\/p>\n\n\n\n<h3 class=\"wp-block-heading\" id=\"h-esempi-di-cookie-che-utilizziamo\">Esempi di cookie che utilizziamo:<\/h3>\n\n\n\n<p>\u2013 Cookie di sessione. Utilizziamo i cookie di sessione per gestire il nostro sito web;<br>\u2013 Cookie di preferenza. Utilizziamo i cookie di preferenza per ricordare le vostre impostazioni e varie preferenze;<br>\u2013 Cookie di sicurezza. Utilizziamo i cookie di sicurezza per finalit\u00e0 di sicurezza;<\/p>\n\n\n\n<h3 class=\"wp-block-heading\" id=\"h-potete-inoltre-trovare-informazioni-dettagliate-sui-cookie-che-utilizziamo-qui\">Potete inoltre trovare informazioni dettagliate sui cookie che utilizziamo qui:<\/h3>\n\n\n\n<p>Google Analytics \u2013 <a href=\"https:\/\/policies.google.com\/privacy?hl=en\">https:\/\/policies.google.com\/privacy?hl=en<\/a><br>Hubspot &#8211; <a href=\"https:\/\/legal.hubspot.com\/privacy-policy\">https:\/\/legal.hubspot.com\/privacy-policy<\/a><\/p>\n\n\n\n<p>Inoltre, per fornirvi i nostri servizi di marketing digitale, potremmo raccogliere dati aggiuntivi relativi a voi o alla vostra azienda. Queste informazioni vengono raccolte tramite e-mail o altri canali di supporto, con il vostro consenso, e vengono trattate internamente dai nostri responsabili del trattamento e utilizzate esclusivamente per il progetto e\/o il servizio richiesto.<\/p>\n\n\n\n<h3 class=\"wp-block-heading\" id=\"h-2-utilizzo-dei-dati\"><strong>2. Utilizzo dei dati<\/strong><\/h3>\n\n\n\n<p>MyTress App utilizza i dati raccolti per varie finalit\u00e0:<\/p>\n\n\n\n<p>\u2013 Fornire e mantenere il sito web;<br>\u2013 Consentirvi di partecipare alle funzionalit\u00e0 interattive del nostro sito web quando lo desiderate;<br>\u2013 Fornire assistenza e supporto clienti;<br>\u2013 Fornire analisi o informazioni utili per migliorare il sito web;<br>\u2013 Monitorare l\u2019utilizzo del sito web;<br>\u2013 Rilevare, prevenire e risolvere problemi tecnici;<\/p>\n\n\n\n<h3 class=\"wp-block-heading\" id=\"h-3-trasferimento-dei-dati\"><strong>3. Trasferimento dei dati<\/strong><\/h3>\n\n\n\n<p>MyTress App garantisce la riservatezza dei vostri Dati Personali raccolti sul nostro sito web e il loro corretto utilizzo come descritto sopra. MyTress App non trasferir\u00e0 le vostre informazioni a terzi senza il vostro consenso.<\/p>\n\n\n\n<p>Potremmo dover ricorrere ad altre aziende per servizi tecnici quali hosting, manutenzione, sistemi di gestione e altri, in conformit\u00e0 alla legislazione relativa al trasferimento dei Dati Personali.<\/p>\n\n\n\n<p>MyTress App adotter\u00e0 tutte le misure ragionevolmente necessarie per garantire che i vostri dati siano trattati in modo sicuro e in conformit\u00e0 alla presente Informativa sulla Privacy e che non avvenga alcun trasferimento dei vostri Dati Personali a un\u2019organizzazione o a un paese se non sono in atto controlli adeguati, inclusa la sicurezza dei vostri dati e di altre informazioni personali.<\/p>\n\n\n\n<h3 class=\"wp-block-heading\" id=\"h-4-divulgazione-dei-dati\"><strong>4. Divulgazione dei dati<\/strong><\/h3>\n\n\n\n<p>MyTreesApp pu\u00f2 divulgare i vostri Dati Personali qualora ritenga in buona fede che tale azione sia necessaria per:<\/p>\n\n\n\n<p>\u2013 Adempiere a un obbligo legale;<br>\u2013 Proteggere e difendere i diritti o la propriet\u00e0 di MyTreesApp;<br>\u2013 Prevenire o indagare su possibili illeciti in relazione al sito web;<br>\u2013 Proteggere la sicurezza personale degli utenti del sito web o del pubblico;<br>\u2013 Proteggersi da responsabilit\u00e0 legali;<\/p>\n\n\n\n<h3 class=\"wp-block-heading\" id=\"h-5-sicurezza-dei-dati\"><strong>5. Sicurezza dei dati<\/strong><\/h3>\n\n\n\n<p>Utilizzeremo le nostre misure di sicurezza interne e tecniche per proteggere l\u2019integrit\u00e0 dell\u2019archiviazione, dell\u2019elaborazione e del trasferimento dei vostri contenuti contro accessi, utilizzi o trattamenti non autorizzati o illeciti.<\/p>\n\n\n\n<p>Se desiderate, in qualsiasi momento, richiedere la cancellazione delle vostre informazioni personali, la portabilit\u00e0 dei dati o opporvi al trattamento delle vostre informazioni personali, potete farlo inviandoci un\u2019e-mail (informazioni di contatto sotto).<\/p>\n\n\n\n<p>La sicurezza dei vostri dati \u00e8 importante per noi, ma sottolineiamo che nessun metodo di trasmissione su Internet o metodo di archiviazione elettronica \u00e8 sicuro al 100%. Pur impegnandoci a utilizzare mezzi commercialmente accettabili per proteggere i vostri Dati Personali, non possiamo garantirne la sicurezza assoluta.<\/p>\n\n\n\n<h3 class=\"wp-block-heading\" id=\"h-6-fornitori-di-servizi\"><strong>6. Fornitori di servizi<\/strong><\/h3>\n\n\n\n<p>Potremmo impiegare societ\u00e0 o individui terzi per partecipare alla manutenzione del nostro sito web (\u201cFornitori di servizi\u201d), per fornire e gestire il sito web per nostro conto, per eseguire servizi correlati al sito web, per aiutarci a comunicare con voi riguardo ai nostri servizi o per assisterci nell\u2019analisi dell\u2019utilizzo del nostro sito web.<\/p>\n\n\n\n<p>Queste terze parti hanno accesso ai vostri Dati Personali solo per svolgere compiti specifici per nostro conto e sono obbligate a non divulgarli n\u00e9 utilizzarli per altri scopi.<\/p>\n\n\n\n<h3 class=\"wp-block-heading\" id=\"h-utilizziamo-i-seguenti-fornitori-di-servizi-terzi-sul-nostro-sito-web\">Utilizziamo i seguenti Fornitori di servizi terzi sul nostro sito web:<\/h3>\n\n\n\n<p>Google Analytics<\/p>\n\n\n\n<p>Google Analytics \u00e8 un servizio di analisi web fornito da Google che monitora e riporta il traffico del sito web. Google utilizza i dati raccolti per tracciare e monitorare l\u2019utilizzo del nostro Servizio. Questi dati vengono condivisi con altri servizi Google. Google pu\u00f2 utilizzare i dati raccolti per contestualizzare e personalizzare gli annunci del proprio network pubblicitario.<\/p>\n\n\n\n<p>Potete scegliere di impedire che la vostra attivit\u00e0 sul Servizio sia resa disponibile a Google Analytics installando il componente aggiuntivo del browser per la disattivazione di Google Analytics. Il componente aggiuntivo impedisce al JavaScript di Google Analytics (ga.js, analytics.js e dc.js) di condividere informazioni con Google Analytics sull\u2019attivit\u00e0 delle visite.<\/p>\n\n\n\n<p>Per ulteriori informazioni sulle pratiche di privacy di Google, visitate la pagina Privacy e Termini di Google: <a href=\"https:\/\/policies.google.com\/privacy?hl=en\">https:\/\/policies.google.com\/privacy?hl=en<\/a><\/p>\n\n\n\n<h3 class=\"wp-block-heading\" id=\"h-7-link-ad-altri-siti\"><strong>7. Link ad altri siti<\/strong><\/h3>\n\n\n\n<p>Il nostro Servizio pu\u00f2 contenere link ad altri siti non gestiti da noi. Se cliccate su un link di terze parti, verrete reindirizzati al sito di tale terza parte. Vi consigliamo vivamente di consultare l\u2019Informativa sulla Privacy di ogni sito che visitate. Non abbiamo alcun controllo e non assumiamo alcuna responsabilit\u00e0 per i contenuti, le politiche sulla privacy o le pratiche di siti o servizi di terze parti.<\/p>\n\n\n\n<h3 class=\"wp-block-heading\" id=\"h-8-diritti-degli-utenti\"><strong>8. Diritti degli utenti<\/strong><\/h3>\n\n\n\n<p>Secondo la legislazione, nei termini utilizzati dal legislatore europeo per l\u2019adozione del Regolamento Generale sulla Protezione dei Dati (GDPR), l\u2019utente ha il diritto di:<\/p>\n\n\n\n<p>\u2013 Richiedere l\u2019accesso ai propri Dati Personali all\u2019entit\u00e0 responsabile del trattamento;<br>\u2013 Ricevere una copia dei Dati Personali archiviati e trasmetterla a un\u2019altra entit\u00e0 (\u201cprincipio di portabilit\u00e0\u201d);<br>\u2013 Opporsi al trattamento dei propri Dati Personali;<br>\u2013 Rettificare, limitare o cancellare i propri Dati Personali (\u201cdiritto all\u2019oblio\u201d);<br>\u2013 Revocare il proprio consenso in qualsiasi momento;<br>\u2013 Essere informato senza ingiustificato ritardo, entro 72 ore, in caso di violazione dei dati che possa comportare un rischio grave per i propri diritti;<br>\u2013 Presentare un reclamo alle autorit\u00e0 competenti;<\/p>\n\n\n\n<h3 class=\"wp-block-heading\" id=\"h-esercizio-dei-diritti-dell-utente\"><strong>Esercizio dei diritti dell\u2019utente<\/strong><\/h3>\n\n\n\n<p>Per esercitare uno dei diritti indicati, dovete contattarci tramite e-mail o lettera. A tal fine, il titolare dei Dati Personali deve firmare il messaggio e allegare una copia di un documento di identificazione legale.<\/p>\n\n\n\n<p>Potete contattarci agli indirizzi indicati alla fine del presente documento.<\/p>\n\n\n\n<h3 class=\"wp-block-heading\" id=\"h-9-modifiche-della-politica\"><strong>9. Modifiche della politica<\/strong><\/h3>\n\n\n\n<p>Considerate le circostanze in evoluzione e le richieste legali, nonch\u00e9 il miglioramento progressivo della qualit\u00e0 del nostro servizio, segnaliamo che la presente politica \u00e8 soggetta a modifiche di cui potremmo non avere la possibilit\u00e0 di informarvi preventivamente.<\/p>\n\n\n\n<p>La presente Informativa sulla Privacy \u00e8 stata aggiornata l\u2019ultima volta il 23 febbraio 2026.<\/p>\n\n\n\n<h3 class=\"wp-block-heading\" id=\"h-10-responsabilita-e-contatti\"><strong>10. Responsabilit\u00e0 e contatti<\/strong><\/h3>\n\n\n\n<p>I tuoi dati sono raccolti e trattati da <strong>MYTREESAPP LDA,<\/strong> con sede legale in <strong>AVENIDA ANT\u00d3NIO AUGUSTO DE AGUIAR N 24 1 ESQ, AVENIDAS NOVAS, 1050-016 LISBOA,<\/strong> persona giuridica n. <strong>517727498, registrata presso 4227 &#8211; ODIVELAS con lo stesso numero.<\/strong><\/p>\n\n\n\n<p><br>Se hai domande su come trattiamo e proteggiamo i tuoi dati, puoi contattarci via e-mail all\u2019indirizzo <a>info@mytreesapp.com<\/a>.<\/p>\n","protected":false},"excerpt":{"rendered":"<p>MyTreesApp Lda (di seguito MyTreesApp) gestisce il sito https:\/\/mytreesapp.com\/ e si impegna, in ogni momento, a proteggere i vostri Dati Personali e a rispettare le leggi applicabili in materia di Protezione dei Dati, Privacy e Sicurezza delle Informazioni, secondo i termini utilizzati dal legislatore europeo per l\u2019adozione del Regolamento Generale sulla Protezione dei Dati (GDPR). [&hellip;]<\/p>\n","protected":false},"author":2,"featured_media":0,"parent":0,"menu_order":0,"comment_status":"closed","ping_status":"open","template":"","meta":{"footnotes":""},"class_list":["post-82","page","type-page","status-publish","hentry"],"acf":[],"yoast_head":"<!-- This site is optimized with the Yoast SEO Premium plugin v26.8 (Yoast SEO v26.8) - https:\/\/yoast.com\/product\/yoast-seo-premium-wordpress\/ -->\n<title>Informativa sulla Privacy - MyTreesApp<\/title>\n<meta name=\"robots\" content=\"index, follow, max-snippet:-1, max-image-preview:large, max-video-preview:-1\" \/>\n<link rel=\"canonical\" href=\"https:\/\/mytreesapp.com\/it\/privacy-policy\/\" \/>\n<meta property=\"og:locale\" content=\"it_IT\" \/>\n<meta property=\"og:type\" content=\"article\" \/>\n<meta property=\"og:title\" content=\"Informativa sulla Privacy\" \/>\n<meta property=\"og:description\" content=\"MyTreesApp Lda (di seguito MyTreesApp) gestisce il sito https:\/\/mytreesapp.com\/ e si impegna, in ogni momento, a proteggere i vostri Dati Personali e a rispettare le leggi applicabili in materia di Protezione dei Dati, Privacy e Sicurezza delle Informazioni, secondo i termini utilizzati dal legislatore europeo per l\u2019adozione del Regolamento Generale sulla Protezione dei Dati (GDPR). [&hellip;]\" \/>\n<meta property=\"og:url\" content=\"https:\/\/mytreesapp.com\/it\/privacy-policy\/\" \/>\n<meta property=\"og:site_name\" content=\"MyTreesApp\" \/>\n<meta property=\"article:modified_time\" content=\"2026-03-02T17:07:05+00:00\" \/>\n<meta property=\"og:image\" content=\"https:\/\/mytreesapp.com\/wp-content\/uploads\/2026\/02\/Screenshot-2026-02-03-at-18.04.31.png\" \/>\n\t<meta property=\"og:image:width\" content=\"1347\" \/>\n\t<meta property=\"og:image:height\" content=\"718\" \/>\n\t<meta property=\"og:image:type\" content=\"image\/png\" \/>\n<meta name=\"twitter:card\" content=\"summary_large_image\" \/>\n<meta name=\"twitter:label1\" content=\"Tempo di lettura stimato\" \/>\n\t<meta name=\"twitter:data1\" content=\"7 minuti\" \/>\n<script type=\"application\/ld+json\" class=\"yoast-schema-graph\">{\"@context\":\"https:\/\/schema.org\",\"@graph\":[{\"@type\":\"WebPage\",\"@id\":\"https:\/\/mytreesapp.com\/it\/privacy-policy\/\",\"url\":\"https:\/\/mytreesapp.com\/it\/privacy-policy\/\",\"name\":\"Informativa sulla Privacy - MyTreesApp\",\"isPartOf\":{\"@id\":\"https:\/\/mytreesapp.com\/#website\"},\"datePublished\":\"2025-12-18T16:15:23+00:00\",\"dateModified\":\"2026-03-02T17:07:05+00:00\",\"breadcrumb\":{\"@id\":\"https:\/\/mytreesapp.com\/it\/privacy-policy\/#breadcrumb\"},\"inLanguage\":\"it-IT\",\"potentialAction\":[{\"@type\":\"ReadAction\",\"target\":[\"https:\/\/mytreesapp.com\/it\/privacy-policy\/\"]}]},{\"@type\":\"BreadcrumbList\",\"@id\":\"https:\/\/mytreesapp.com\/it\/privacy-policy\/#breadcrumb\",\"itemListElement\":[{\"@type\":\"ListItem\",\"position\":1,\"name\":\"Home\",\"item\":\"https:\/\/mytreesapp.com\/it\/\"},{\"@type\":\"ListItem\",\"position\":2,\"name\":\"Informativa sulla Privacy\"}]},{\"@type\":\"WebSite\",\"@id\":\"https:\/\/mytreesapp.com\/#website\",\"url\":\"https:\/\/mytreesapp.com\/\",\"name\":\"MyTreesApp\",\"description\":\"\",\"potentialAction\":[{\"@type\":\"SearchAction\",\"target\":{\"@type\":\"EntryPoint\",\"urlTemplate\":\"https:\/\/mytreesapp.com\/?s={search_term_string}\"},\"query-input\":{\"@type\":\"PropertyValueSpecification\",\"valueRequired\":true,\"valueName\":\"search_term_string\"}}],\"inLanguage\":\"it-IT\"}]}<\/script>\n<!-- \/ Yoast SEO Premium plugin. -->","yoast_head_json":{"title":"Informativa sulla Privacy - MyTreesApp","robots":{"index":"index","follow":"follow","max-snippet":"max-snippet:-1","max-image-preview":"max-image-preview:large","max-video-preview":"max-video-preview:-1"},"canonical":"https:\/\/mytreesapp.com\/it\/privacy-policy\/","og_locale":"it_IT","og_type":"article","og_title":"Informativa sulla Privacy","og_description":"MyTreesApp Lda (di seguito MyTreesApp) gestisce il sito https:\/\/mytreesapp.com\/ e si impegna, in ogni momento, a proteggere i vostri Dati Personali e a rispettare le leggi applicabili in materia di Protezione dei Dati, Privacy e Sicurezza delle Informazioni, secondo i termini utilizzati dal legislatore europeo per l\u2019adozione del Regolamento Generale sulla Protezione dei Dati (GDPR). [&hellip;]","og_url":"https:\/\/mytreesapp.com\/it\/privacy-policy\/","og_site_name":"MyTreesApp","article_modified_time":"2026-03-02T17:07:05+00:00","og_image":[{"width":1347,"height":718,"url":"https:\/\/mytreesapp.com\/wp-content\/uploads\/2026\/02\/Screenshot-2026-02-03-at-18.04.31.png","type":"image\/png"}],"twitter_card":"summary_large_image","twitter_misc":{"Tempo di lettura stimato":"7 minuti"},"schema":{"@context":"https:\/\/schema.org","@graph":[{"@type":"WebPage","@id":"https:\/\/mytreesapp.com\/it\/privacy-policy\/","url":"https:\/\/mytreesapp.com\/it\/privacy-policy\/","name":"Informativa sulla Privacy - MyTreesApp","isPartOf":{"@id":"https:\/\/mytreesapp.com\/#website"},"datePublished":"2025-12-18T16:15:23+00:00","dateModified":"2026-03-02T17:07:05+00:00","breadcrumb":{"@id":"https:\/\/mytreesapp.com\/it\/privacy-policy\/#breadcrumb"},"inLanguage":"it-IT","potentialAction":[{"@type":"ReadAction","target":["https:\/\/mytreesapp.com\/it\/privacy-policy\/"]}]},{"@type":"BreadcrumbList","@id":"https:\/\/mytreesapp.com\/it\/privacy-policy\/#breadcrumb","itemListElement":[{"@type":"ListItem","position":1,"name":"Home","item":"https:\/\/mytreesapp.com\/it\/"},{"@type":"ListItem","position":2,"name":"Informativa sulla Privacy"}]},{"@type":"WebSite","@id":"https:\/\/mytreesapp.com\/#website","url":"https:\/\/mytreesapp.com\/","name":"MyTreesApp","description":"","potentialAction":[{"@type":"SearchAction","target":{"@type":"EntryPoint","urlTemplate":"https:\/\/mytreesapp.com\/?s={search_term_string}"},"query-input":{"@type":"PropertyValueSpecification","valueRequired":true,"valueName":"search_term_string"}}],"inLanguage":"it-IT"}]}},"_links":{"self":[{"href":"https:\/\/mytreesapp.com\/it\/wp-json\/wp\/v2\/pages\/82","targetHints":{"allow":["GET"]}}],"collection":[{"href":"https:\/\/mytreesapp.com\/it\/wp-json\/wp\/v2\/pages"}],"about":[{"href":"https:\/\/mytreesapp.com\/it\/wp-json\/wp\/v2\/types\/page"}],"author":[{"embeddable":true,"href":"https:\/\/mytreesapp.com\/it\/wp-json\/wp\/v2\/users\/2"}],"replies":[{"embeddable":true,"href":"https:\/\/mytreesapp.com\/it\/wp-json\/wp\/v2\/comments?post=82"}],"version-history":[{"count":4,"href":"https:\/\/mytreesapp.com\/it\/wp-json\/wp\/v2\/pages\/82\/revisions"}],"predecessor-version":[{"id":344,"href":"https:\/\/mytreesapp.com\/it\/wp-json\/wp\/v2\/pages\/82\/revisions\/344"}],"wp:attachment":[{"href":"https:\/\/mytreesapp.com\/it\/wp-json\/wp\/v2\/media?parent=82"}],"curies":[{"name":"wp","href":"https:\/\/api.w.org\/{rel}","templated":true}]}}